{"id":890,"date":"2023-06-23T10:50:11","date_gmt":"2023-06-23T10:50:11","guid":{"rendered":"https:\/\/www.ipn-eurocentre.com\/mentions-legales\/"},"modified":"2025-12-02T07:25:04","modified_gmt":"2025-12-02T07:25:04","slug":"mentions-legales","status":"publish","type":"page","link":"https:\/\/www.ipn-eurocentre.com\/de\/mentions-legales\/","title":{"rendered":"Rechtliche Hinweise"},"content":{"rendered":"\n<div class=\"wp-block-group wrap\"><div class=\"wp-block-group__inner-container is-layout-constrained wp-block-group-is-layout-constrained\">\n<h1 class=\"wp-block-heading has-text-align-center\">Impressum<\/h1>\n\n\n\n<h2 class=\"wp-block-heading\">1. Vorstellung der Website<\/h2>\n\n\n\n<p>Gem\u00e4\u00df Artikel 6 des Gesetzes Nr. 2004-575 vom 21. Juni 2004 \u00fcber das Vertrauen in die digitale Wirtschaft wird den Nutzern der Website www.ipn-eurocentre.com die Identit\u00e4t der verschiedenen Akteure im Rahmen der Erstellung und Betreuung der Website mitgeteilt:<\/p>\n\n\n\n<p><strong><strong>Eigent\u00fcmer der Website, Verantwortlicher f\u00fcr die Ver\u00f6ffentlichung und Datenschutzbeauftragter:<\/strong><\/strong><\/p>\n\n\n\n<p>Monsieur Claude Froehlicher<br>IPN-EUROCENTRE S.A.S.<br>11 rue Mittlerweg &#8211; 68025 Colmar cedex<br>T\u00e9l: +33 3 89 20 43 78 &#8211; Fax: +33 3 89 20 43 79<br>Siret : 388 933 210 00063 &#8211; APE : 7022Z<br>RCS : COLMAR B 388 933 210<br>N\u00b0 TVA : FR28 388 933 210<\/p>\n\n\n\n<p><strong>Webhost:<\/strong><br>PHA CREATION<br>24A route de Colmar<br>68370 Orbey<br>T\u00e9l. 03 89 71 28 23<\/p>\n\n\n\n<h2 class=\"wp-block-heading\">2. Vertragliche Einschr\u00e4nkungen der technischen Daten<\/h2>\n\n\n\n<p>Die Website verwendet die JavaScript-Technologie. Die Website www.ipn-eurocentre.com haftet nicht f\u00fcr materielle Sch\u00e4den, die mit ihrer Nutzung verbunden sind. Dar\u00fcber hinaus verpflichtet sich der Nutzer der Website, auf die Website mit einer aktuellen Hardware zuzugreifen, die keine Viren enth\u00e4lt, und mit einem Browser der neuesten Generation, der auf dem neuesten Stand ist. Die Website www.ipn-eurocentre.com wird gem\u00e4\u00df den Bestimmungen der Allgemeinen Datenschutzverordnung (DSGVO: Nr. 2016-679) bei einem Anbieter auf dem Gebiet der Europ\u00e4ischen Union gehostet.<\/p>\n\n\n\n<p>Der Hosting-Anbieter gew\u00e4hrleistet die Kontinuit\u00e4t seines Dienstes rund um die Uhr an allen Tagen des Jahres. Er beh\u00e4lt sich jedoch die M\u00f6glichkeit vor, den Hosting-Service f\u00fcr m\u00f6glichst kurze Zeitr\u00e4ume zu unterbrechen, insbesondere zu Wartungszwecken, zur Verbesserung seiner Infrastruktur, bei Ausfall seiner Infrastruktur oder wenn die Website www.ipn-eurocentre.com ein als anormal geltendes Verkehrsaufkommen erzeugt.<\/p>\n\n\n\n<p>Die Website www.ipn-eurocentre.com und der Hoster k\u00f6nnen nicht haftbar gemacht werden, wenn das Internet, die Telefonleitungen oder das Computer- und Telefonmaterial nicht funktionieren, was insbesondere mit der \u00dcberlastung des Netzes zusammenh\u00e4ngt, die den Zugang zum Server verhindert.<\/p>\n\n\n\n<h2 class=\"wp-block-heading\">3. Geistiges Eigentum und F\u00e4lschungen<\/h2>\n\n\n\n<p>Die auf der vorliegenden Website www.ipn-eurocentre.com wiedergegebenen Elemente (bestehend aus Visualisierungen, Texten, Zeichnungen und Bildern), das ausschlie\u00dfliches Eigentum des Verk\u00e4ufers sind, sind urheberrechtlich gesch\u00fctzt. Jede Vervielf\u00e4ltigung und Verbreitung dieser Elemente ohne vorherige schriftliche Genehmigung des Verk\u00e4ufers setzt die Zuwiderhandelnden einer rechtlichen Verfolgung aus.<\/p>\n\n\n\n<h2 class=\"wp-block-heading\">4. Verwendung der gesammelten pers\u00f6nlichen Daten<\/h2>\n\n\n\n<h3 class=\"wp-block-heading\">Online-Formulare<\/h3>\n\n\n\n<p>Die folgenden pers\u00f6nlichen Informationen werden \u00fcber unsere Online-Formulare erfasst:<\/p>\n\n\n\n<ul class=\"wp-block-list\">\n<li>Name<\/li>\n\n\n\n<li>Vorname<\/li>\n\n\n\n<li>Postanschrift<\/li>\n\n\n\n<li>E-Mail-Adresse<\/li>\n<\/ul>\n\n\n\n<p>IPN-EUROCENTRE S.A.S. verwendet die so gesammelten pers\u00f6nlichen Informationen nur, um Ihre \u00fcber unsere Formulare gestellte Anfrage zu bearbeiten.<\/p>\n\n\n\n<h3 class=\"wp-block-heading\">Aufbewahrung von Daten<\/h3>\n\n\n\n<p>Ihre pers\u00f6nlichen Informationen k\u00f6nnen f\u00fcr eine Dauer von maximal drei Jahren gespeichert werden, wenn Sie keine vertragliche Beziehung mit IPN-EUROCENTRE S.A.S. haben. Andernfalls k\u00f6nnen diese Informationen bis zu sechs Jahre lang gespeichert werden.<\/p>\n\n\n\n<p>Keine pers\u00f6nlichen Informationen des Nutzers der Website www.ipn-eurocentre.com werden ohne Wissen des Nutzers ver\u00f6ffentlicht, ausgetauscht, \u00fcbertragen, abgetreten oder auf irgendeinem Datentr\u00e4ger an Dritte verkauft. Nur wenn IPN-EUROCENTRE S.A.S und seine Rechte \u00fcbernommen werden, k\u00f6nnen die Informationen an einen eventuellen Erwerber weitergegeben werden, der seinerseits die gleiche Verpflichtung zur Aufbewahrung und \u00c4nderung der Daten gegen\u00fcber dem Nutzer der Website www.ipn-eurocentre.com hat.<\/p>\n\n\n\n<h3 class=\"wp-block-heading\">Recht auf Zugang zu und L\u00f6schung von pers\u00f6nlichen Daten<\/h3>\n\n\n\n<p>Gem\u00e4\u00df den Bestimmungen der Artikel 38 ff. des Gesetzes 78-17 vom 6. Januar 1978 \u00fcber Informatik, Dateien und Freiheiten hat jeder Nutzer das Recht, auf die ihn betreffenden pers\u00f6nlichen Daten zuzugreifen, sie zu berichtigen und dagegen Einspruch zu erheben. Dazu muss er einen schriftlichen und unterschriebenen Antrag stellen, dem eine Kopie des Personalausweises mit Unterschrift des Inhabers des Dokuments beiliegt, und die Adresse angeben, an die die Antwort gesendet werden soll.<br>Der Antrag ist zu senden an : IPN-EUROCENTRE S.A.S., 11 rue Mittlerweg &#8211; F-68025 Colmar cedex.<\/p>\n\n\n\n<h3 class=\"wp-block-heading\">Wie wir Ihre Daten sch\u00fctzen<\/h3>\n\n\n\n<p>Die Daten, die \u00fcber die Website laufen, werden gesichert, um Ihnen Vertraulichkeit zu garantieren. Die Website www.ipn-eurocentre.com ist durch das HTTPS-Protokoll gesichert. Der Zugang zum Backoffice der Website ist durch die Verwendung komplexer Passw\u00f6rter gesch\u00fctzt.<\/p>\n\n\n\n<h2 class=\"wp-block-heading\">5. Cookies<\/h2>\n\n\n\n<p>Ein Cookie ist eine kleine Textdatei, die Websites auf Ihrem Medium (Computer, Tablet oder Mobilger\u00e4t) speichern, wenn Sie die Website besuchen. Es erm\u00f6glicht diesen Websites, Ihre Aktionen und Vorlieben f\u00fcr einen bestimmten Zeitraum zu speichern.<br>Die Website www.ipn-eurocentre.com verwendet nur technische Cookies.<\/p>\n\n\n\n<h3 class=\"wp-block-heading\">Umgang mit der Zustimmung<\/h3>\n\n\n\n<p>Sie k\u00f6nnen die Hinterlegung aller Cookies nach Belieben steuern. Es ist m\u00f6glich, alle bereits auf Ihrem Computer gespeicherten Cookies zu l\u00f6schen und die wichtigsten Webbrowser so einzustellen, dass sie diese blockieren. In diesem Fall m\u00fcssen Sie jedoch m\u00f6glicherweise jedes Mal, wenn Sie eine Website besuchen, selbst bestimmte Pr\u00e4ferenzen angeben, und einige Dienste und Funktionen sind m\u00f6glicherweise nicht zug\u00e4nglich.<\/p>\n\n\n\n<h2 class=\"wp-block-heading\">6. Credits<\/h2>\n\n\n\n<div class=\"wp-block-stackable-columns stk-block-columns stk-block stk-9d306b8 wrap\" data-block-id=\"9d306b8\"><div class=\"stk-row stk-inner-blocks stk-block-content stk-content-align stk-9d306b8-column\">\n<div class=\"wp-block-stackable-column stk-block-column stk-column stk-block stk-34ec641\" data-v=\"4\" data-block-id=\"34ec641\"><div class=\"stk-column-wrapper stk-block-column__content stk-container stk-34ec641-container stk--no-background stk--no-padding\"><div class=\"stk-block-content stk-inner-blocks stk-34ec641-inner-blocks\">\n<div class=\"wp-block-group\"><div class=\"wp-block-group__inner-container is-layout-constrained wp-block-group-is-layout-constrained\">\n<h3 class=\"wp-block-heading\"><strong>PROJEKTMANAGEMENT UND GRAFIKDESIGN\u00a0<\/strong><\/h3>\n\n\n\n<p>Anna Conseil en Communication<br>17 place de la Libert\u00e9<br>68100 Mulhouse<br>T\u00e9l. 03 89 62 85 24<br><a href=\"http:\/\/www.anna-communication.com\/\" target=\"_blank\" rel=\"noreferrer noopener\">www.anna-communication.com&nbsp;<\/a><\/p>\n<\/div><\/div>\n<\/div><\/div><\/div>\n\n\n\n<div class=\"wp-block-stackable-column stk-block-column stk-column stk-block stk-df82cda\" data-v=\"4\" data-block-id=\"df82cda\"><div class=\"stk-column-wrapper stk-block-column__content stk-container stk-df82cda-container stk--no-background stk--no-padding\"><div class=\"stk-block-content stk-inner-blocks stk-df82cda-inner-blocks\">\n<div class=\"wp-block-group\"><div class=\"wp-block-group__inner-container is-layout-constrained wp-block-group-is-layout-constrained\">\n<h3 class=\"wp-block-heading\"><strong>WEBENTWICKLUNG\u00a0<\/strong><\/h3>\n\n\n\n<p>Echapp\u00e9e Web<br><a href=\"http:\/\/www.echappee-web.fr\/\" target=\"_blank\" rel=\"noreferrer noopener\">www.echappee-web.fr<\/a><\/p>\n<\/div><\/div>\n<\/div><\/div><\/div>\n<\/div><\/div>\n<\/div><\/div>\n\n\n\n<div style=\"height:100px\" aria-hidden=\"true\" class=\"wp-block-spacer\"><\/div>\n","protected":false},"excerpt":{"rendered":"<p>Impressum 1. Vorstellung der Website Gem\u00e4\u00df Artikel 6 des Gesetzes Nr. 2004-575 vom 21. Juni 2004 \u00fcber das Vertrauen in die digitale Wirtschaft wird den Nutzern der Website www.ipn-eurocentre.com die Identit\u00e4t der verschiedenen Akteure im&#8230;  <a class=\"excerpt-read-more\" href=\"https:\/\/www.ipn-eurocentre.com\/de\/mentions-legales\/\" title=\"Read Rechtliche Hinweise\">Lesen Sie weiter<span><i class=\"fa-solid fa-arrow-right\"><\/i><\/span><\/a><\/p>\n","protected":false},"author":1,"featured_media":0,"parent":0,"menu_order":0,"comment_status":"closed","ping_status":"open","template":"","meta":{"footnotes":""},"class_list":["post-890","page","type-page","status-publish","hentry"],"acf":[],"_links":{"self":[{"href":"https:\/\/www.ipn-eurocentre.com\/de\/wp-json\/wp\/v2\/pages\/890","targetHints":{"allow":["GET"]}}],"collection":[{"href":"https:\/\/www.ipn-eurocentre.com\/de\/wp-json\/wp\/v2\/pages"}],"about":[{"href":"https:\/\/www.ipn-eurocentre.com\/de\/wp-json\/wp\/v2\/types\/page"}],"author":[{"embeddable":true,"href":"https:\/\/www.ipn-eurocentre.com\/de\/wp-json\/wp\/v2\/users\/1"}],"replies":[{"embeddable":true,"href":"https:\/\/www.ipn-eurocentre.com\/de\/wp-json\/wp\/v2\/comments?post=890"}],"version-history":[{"count":12,"href":"https:\/\/www.ipn-eurocentre.com\/de\/wp-json\/wp\/v2\/pages\/890\/revisions"}],"predecessor-version":[{"id":1889,"href":"https:\/\/www.ipn-eurocentre.com\/de\/wp-json\/wp\/v2\/pages\/890\/revisions\/1889"}],"wp:attachment":[{"href":"https:\/\/www.ipn-eurocentre.com\/de\/wp-json\/wp\/v2\/media?parent=890"}],"curies":[{"name":"wp","href":"https:\/\/api.w.org\/{rel}","templated":true}]}}