{"id":864,"date":"2023-06-26T09:17:54","date_gmt":"2023-06-26T09:17:54","guid":{"rendered":"https:\/\/www.ipn-eurocentre.com\/karriere\/"},"modified":"2025-12-11T09:16:58","modified_gmt":"2025-12-11T09:16:58","slug":"karriere","status":"publish","type":"page","link":"https:\/\/www.ipn-eurocentre.com\/de\/karriere\/","title":{"rendered":"Karriere"},"content":{"rendered":"\n<div class=\"wp-block-stackable-columns stk-block-columns stk-block stk-47c4601 stk-block-background block--banner\" data-block-id=\"47c4601\"><style>.stk-47c4601 {background-color:#e0003d !important;padding-top:0px !important;padding-right:0px !important;padding-bottom:0px !important;padding-left:0px !important;margin-bottom:100px !important;}.stk-47c4601:before{background-color:#e0003d !important;}.stk-47c4601-column{--stk-columns-spacing:0px !important;}<\/style><div class=\"stk-row stk-inner-blocks stk-block-content stk-content-align stk-47c4601-column\">\n<div class=\"wp-block-stackable-column stk-block-column stk-column stk-block stk-8fced0d stk-block-background stk--has-background-overlay\" data-v=\"4\" data-block-id=\"8fced0d\"><style>.stk-8fced0d-inner-blocks{align-items:flex-start !important;}.stk-8fced0d {background-image:url(https:\/\/www.ipn-eurocentre.com\/wp-content\/uploads\/2023\/06\/IPN_image-page-votrevisite_bandeau.jpg) !important;align-items:center !important;padding-top:50px !important;padding-right:0px !important;padding-bottom:50px !important;padding-left:0px !important;display:flex !important;}<\/style><div class=\"stk-column-wrapper stk-block-column__content stk-container stk-8fced0d-container stk--no-background stk--no-padding\"><div class=\"stk--column-flex stk-block-content stk-inner-blocks stk-8fced0d-inner-blocks\">\n<figure class=\"wp-block-image size-full motif\"><img decoding=\"async\" width=\"203\" height=\"183\" src=\"https:\/\/www.ipn-eurocentre.com\/wp-content\/uploads\/2023\/06\/motif-banner.png\" alt=\"\" class=\"wp-image-167\" title=\"\"><\/figure>\n<\/div><\/div><\/div>\n\n\n\n<div class=\"wp-block-stackable-column stk-block-column stk-column stk-block stk-8a8f495 stk-block-background\" data-v=\"4\" data-block-id=\"8a8f495\"><style>.stk-8a8f495-inner-blocks{justify-content:center !important;}.stk-8a8f495 {background-color:#e0003d !important;padding-top:25px !important;padding-bottom:25px !important;}.stk-8a8f495:before{background-color:#e0003d !important;}<\/style><div class=\"stk-column-wrapper stk-block-column__content stk-container stk-8a8f495-container stk--no-background stk--no-padding\"><div class=\"stk--column-flex stk-block-content stk-inner-blocks stk-8a8f495-inner-blocks\">\n<h1 class=\"wp-block-heading has-text-align-center has-white-color has-text-color\"><strong>Werden Sie Teil unseres Teams<\/strong><\/h1>\n<\/div><\/div><\/div>\n<\/div><\/div>\n\n\n\n<p><\/p>\n\n\n\n<p class=\"has-text-align-center\" style=\"font-size:1.26em;font-style:normal;font-weight:700\"><\/p>\n\n\n\n<div class=\"wp-block-stackable-columns stk-block-columns stk-block stk-69cd364 wrap\" data-block-id=\"69cd364\"><style>.stk-69cd364 .stk--block-align-69cd364{align-items:center !important;}.stk-69cd364 {margin-bottom:85px !important;}.stk-69cd364-column{--stk-column-gap:80px !important;row-gap:35px !important;}<\/style><div class=\"stk-row stk-inner-blocks stk--block-align-69cd364 stk-block-content stk-content-align stk-69cd364-column\">\n<div class=\"wp-block-stackable-column stk-block-column stk-column stk-block stk-e100705\" data-v=\"4\" data-block-id=\"e100705\"><style>@media screen and (min-width: 768px) and (max-width: 1023px){.stk-e100705 {flex:var(--stk-flex-grow, 1) 1 calc(100% - var(--stk-column-gap, 0px) * 0 \/ 1 ) !important;}}<\/style><div class=\"stk-column-wrapper stk-block-column__content stk-container stk-e100705-container stk--no-background stk--no-padding\"><div class=\"stk-block-content stk-inner-blocks stk-e100705-inner-blocks\">\n<h2 class=\"wp-block-heading has-text-align-center\" style=\"font-size:35px\">Spontane Bewerbung<\/h2>\n\n\n\n<h3 class=\"wp-block-heading has-text-align-center\">Ihre Karriere bei ipn-eurocentre<\/h3>\n\n\n\n<div style=\"height:1.5em\" aria-hidden=\"true\" class=\"wp-block-spacer\"><\/div>\n\n\n\n<p class=\"has-text-align-center\">Sie m\u00f6chten zu unserem Team geh\u00f6ren?<br>Schicken Sie uns Ihre Initiativbewerbung!<\/p>\n\n\n\n<div style=\"height:60px\" aria-hidden=\"true\" class=\"wp-block-spacer\"><\/div>\n\n\n\n<div class=\"wp-block-contact-form-7-contact-form-selector\">\n<div class=\"wpcf7 no-js\" id=\"wpcf7-f861-o1\" lang=\"de-DE\" dir=\"ltr\" data-wpcf7-id=\"861\">\n<div class=\"screen-reader-response\"><p role=\"status\" aria-live=\"polite\" aria-atomic=\"true\"><\/p> <ul><\/ul><\/div>\n<form action=\"\/de\/wp-json\/wp\/v2\/pages\/864#wpcf7-f861-o1\" method=\"post\" class=\"wpcf7-form init\" aria-label=\"Kontaktformular\" enctype=\"multipart\/form-data\" novalidate=\"novalidate\" data-status=\"init\">\n<fieldset class=\"hidden-fields-container\"><input type=\"hidden\" name=\"_wpcf7\" value=\"861\" \/><input type=\"hidden\" name=\"_wpcf7_version\" value=\"6.1.5\" \/><input type=\"hidden\" name=\"_wpcf7_locale\" value=\"de_DE\" \/><input type=\"hidden\" name=\"_wpcf7_unit_tag\" value=\"wpcf7-f861-o1\" \/><input type=\"hidden\" name=\"_wpcf7_container_post\" value=\"0\" \/><input type=\"hidden\" name=\"_wpcf7_posted_data_hash\" value=\"\" \/>\n<\/fieldset>\n<p><span class=\"mandatory\">* Pflichtfelder<\/span>\n<\/p>\n<div class=\"row cf\">\n\t<div class=\"col-xs-12 col-sm-6\">\n\t\t<p><label for=\"nom\">Name*<\/label><span class=\"wpcf7-form-control-wrap\" data-name=\"nom\"><input size=\"40\" maxlength=\"400\" class=\"wpcf7-form-control wpcf7-text wpcf7-validates-as-required\" id=\"nom\" aria-required=\"true\" aria-invalid=\"false\" value=\"\" type=\"text\" name=\"nom\" \/><\/span>\n\t\t<\/p>\n\t<\/div>\n\t<div class=\"col-xs-12 col-sm-6\">\n\t\t<p><label for=\"prenom\">Vorname*<\/label><span class=\"wpcf7-form-control-wrap\" data-name=\"prenom\"><input size=\"40\" maxlength=\"400\" class=\"wpcf7-form-control wpcf7-text wpcf7-validates-as-required\" id=\"prenom\" aria-required=\"true\" aria-invalid=\"false\" value=\"\" type=\"text\" name=\"prenom\" \/><\/span>\n\t\t<\/p>\n\t<\/div>\n\t<div class=\"col-xs-12\">\n\t\t<p><label for=\"adresse\">Adresse*<\/label><span class=\"wpcf7-form-control-wrap\" data-name=\"adresse\"><input size=\"40\" maxlength=\"400\" class=\"wpcf7-form-control wpcf7-text wpcf7-validates-as-required\" id=\"adresse\" autocomplete=\"address-line1\" aria-required=\"true\" aria-invalid=\"false\" value=\"\" type=\"text\" name=\"adresse\" \/><\/span>\n\t\t<\/p>\n\t<\/div>\n\t<div class=\"col-xs-12 col-sm-6\">\n\t\t<p><label for=\"cp\">Postleitzahl*<\/label><br \/>\n<span class=\"wpcf7-form-control-wrap\" data-name=\"cp\"><input size=\"40\" maxlength=\"400\" class=\"wpcf7-form-control wpcf7-text wpcf7-validates-as-required\" id=\"cp\" autocomplete=\"postal-code\" aria-required=\"true\" aria-invalid=\"false\" value=\"\" type=\"text\" name=\"cp\" \/><\/span>\n\t\t<\/p>\n\t<\/div>\n\t<div class=\"col-xs-12 col-sm-6\">\n\t\t<p><label for=\"ville\">Stadt*<\/label><br \/>\n<span class=\"wpcf7-form-control-wrap\" data-name=\"ville\"><input size=\"40\" maxlength=\"400\" class=\"wpcf7-form-control wpcf7-text wpcf7-validates-as-required\" id=\"ville\" autocomplete=\"address-level2\" aria-required=\"true\" aria-invalid=\"false\" value=\"\" type=\"text\" name=\"ville\" \/><\/span>\n\t\t<\/p>\n\t<\/div>\n\t<div class=\"col-xs-12\">\n\t\t<p><label for=\"email\">E-Mail*.<\/label><span class=\"indications\">Bsp.: nom@domaine.com<\/span><span class=\"wpcf7-form-control-wrap\" data-name=\"your-email\"><input size=\"40\" maxlength=\"400\" class=\"wpcf7-form-control wpcf7-email wpcf7-validates-as-required wpcf7-text wpcf7-validates-as-email\" id=\"email\" autocomplete=\"email\" aria-required=\"true\" aria-invalid=\"false\" value=\"\" type=\"email\" name=\"your-email\" \/><\/span>\n\t\t<\/p>\n\t<\/div>\n\t<div class=\"col-xs-12 col-sm-6\">\n\t\t<p><label for=\"telephone\">Telefon<\/label><span class=\"wpcf7-form-control-wrap\" data-name=\"telephone\"><input size=\"40\" maxlength=\"400\" class=\"wpcf7-form-control wpcf7-tel wpcf7-validates-as-required wpcf7-text wpcf7-validates-as-tel\" id=\"telephone\" autocomplete=\"tel\" aria-required=\"true\" aria-invalid=\"false\" value=\"\" type=\"tel\" name=\"telephone\" \/><\/span>\n\t\t<\/p>\n\t<\/div>\n\t<div class=\"col-xs-12\">\n\t\t<p><label for=\"message\">Ihre Motivationen*<\/label><span class=\"wpcf7-form-control-wrap\" data-name=\"message\"><textarea cols=\"40\" rows=\"10\" maxlength=\"2000\" class=\"wpcf7-form-control wpcf7-textarea wpcf7-validates-as-required\" id=\"message\" aria-required=\"true\" aria-invalid=\"false\" name=\"message\"><\/textarea><\/span>\n\t\t<\/p>\n\t<\/div>\n\t<div class=\"col-xs-12 fichier\">\n\t\t<p><span>Uns eine Datei schicken <\/span><br \/>\n<span class=\"wpcf7-form-control-wrap\" data-name=\"fichier\"><input size=\"40\" class=\"wpcf7-form-control wpcf7-file\" accept=\".pdf,.jpg,.png,.docx,.xls,.gif,.bmp\" aria-invalid=\"false\" type=\"file\" name=\"fichier\" \/><\/span>\n\t\t<\/p>\n\t<\/div>\n\t<div class=\"col-xs-12 col-sm-8\">\n\t\t<p><span class=\"wpcf7-form-control-wrap\" data-name=\"quiz-886\"><label><span class=\"wpcf7-quiz-label\">VERIFICATION : Combien font 7 et 1 ?<\/span> <input size=\"40\" class=\"wpcf7-form-control wpcf7-quiz\" autocomplete=\"off\" aria-required=\"true\" aria-invalid=\"false\" type=\"text\" name=\"quiz-886\" \/><\/label><input type=\"hidden\" name=\"_wpcf7_quiz_answer_quiz-886\" value=\"9a62f7a80c3b4339c1a9326ecaae530e\" \/><\/span>\n\t\t<\/p>\n\t<\/div>\n\t<div class=\"col-xs-12 rgpd\">\n\t\t<p><span class=\"wpcf7-form-control-wrap\" data-name=\"rgpd-acceptance\"><span class=\"wpcf7-form-control wpcf7-acceptance\"><span class=\"wpcf7-list-item\"><label><input type=\"checkbox\" name=\"rgpd-acceptance\" value=\"1\" aria-invalid=\"false\" \/><span class=\"wpcf7-list-item-label\">Ich habe <a href=\"https:\/\/www.ipn-eurocentre.com\/mentions-legales\/\">die Datenschutzbestimmungen der Website<\/a> gelesen und akzeptiere <a href=\"https:\/\/www.ipn-eurocentre.com\/mentions-legales\/\">sie*<\/a>.<\/span><\/label><\/span><\/span><\/span>\n\t\t<\/p>\n\t<\/div>\n<\/div>\n<div class=\"text-center\">\n\t<p><input class=\"wpcf7-form-control wpcf7-submit has-spinner\" type=\"submit\" value=\"Envoyer\" \/>\n\t<\/p>\n<\/div><div class=\"wpcf7-response-output\" aria-hidden=\"true\"><\/div>\n<\/form>\n<\/div>\n<\/div>\n<\/div><\/div><\/div>\n<\/div><\/div>\n\n\n\n<div class=\"wp-block-stackable-columns aligncenter stk-block-columns stk-block stk-74361c9\" data-block-id=\"74361c9\"><div class=\"stk-row stk-inner-blocks stk-block-content stk-content-align stk-74361c9-column\">\n<div class=\"wp-block-stackable-column stk-block-column stk-column stk-block stk-3987f5f\" data-v=\"4\" data-block-id=\"3987f5f\"><div class=\"stk-column-wrapper stk-block-column__content stk-container stk-3987f5f-container stk--no-background stk--no-padding\"><div class=\"stk-block-content stk-inner-blocks stk-3987f5f-inner-blocks\">\n<p>Auf unserer Website erfahren Sie mehr \u00fcber die Geschichte unseres Business Centers <strong>ipn-eurocentre<\/strong> sowie \u00fcber die vielf\u00e4ltigen Dienstleistungen, mit denen wir Unternehmen in verschiedenen, einander erg\u00e4nzenden Bereichen unterst\u00fctzen.<\/p>\n<\/div><\/div><\/div>\n<\/div><\/div>\n\n\n\n<div style=\"height:70px\" aria-hidden=\"true\" class=\"wp-block-spacer\"><\/div>\n\n\n\n<div class=\"wp-block-stackable-columns aligncenter stk-block-columns stk-block stk-a58019a\" data-block-id=\"a58019a\"><style>.stk-a58019a .stk--block-align-a58019a{align-items:center !important;}<\/style><div class=\"stk-row stk-inner-blocks stk--block-align-a58019a stk-block-content stk-content-align stk-a58019a-column\">\n<div class=\"wp-block-stackable-column stk-block-column stk-column stk-block stk-deadfc8\" data-v=\"4\" data-block-id=\"deadfc8\"><style>.stk-deadfc8-inner-blocks{justify-content:center !important;}<\/style><div class=\"stk-column-wrapper stk-block-column__content stk-container stk-deadfc8-container stk--no-background stk--no-padding\"><div class=\"has-text-align-center stk--column-flex stk-block-content stk-inner-blocks stk-deadfc8-inner-blocks\">\n<div class=\"wp-block-group\"><div class=\"wp-block-group__inner-container is-layout-constrained wp-block-group-is-layout-constrained\">\n<div class=\"wp-block-group is-vertical is-layout-flex wp-container-core-group-is-layout-8cf370e7 wp-block-group-is-layout-flex\">\n<div class=\"wp-block-group is-vertical is-layout-flex wp-container-core-group-is-layout-8cf370e7 wp-block-group-is-layout-flex\">\n<p><strong><strong><strong>Wenn Sie Fragen haben, sei es zu Ihrer Bewerbung oder zu einem anderen Thema, z\u00f6gern Sie nicht, uns hier zu schreiben.<\/strong><\/strong><\/strong><\/p>\n<\/div>\n\n\n\n<p>F\u00fcr die Anmietung von B\u00fcros oder Besprechungsr\u00e4umen k\u00f6nnen Sie uns auch direkt per E-Mail oder Telefon kontaktieren.<\/p>\n<\/div>\n\n\n\n<p><strong><strong>Das Team von ipn-eurocentre steht Ihnen gerne zur Verf\u00fcgung und beantwortet Ihre Fragen.<\/strong><\/strong><\/p>\n<\/div><\/div>\n\n\n\n<div class=\"wp-block-buttons is-content-justification-center is-layout-flex wp-container-core-buttons-is-layout-16018d1d wp-block-buttons-is-layout-flex\">\n<div class=\"wp-block-button\"><a class=\"wp-block-button__link wp-element-button\" href=\"https:\/\/www.ipn-eurocentre.com\/de\/kontaktdaten-und-ansprechpartner\/\" target=\"_blank\" rel=\"noreferrer noopener\">SCHREIBEN SIE UNS<strong>!<\/strong><\/a><\/div>\n<\/div>\n<\/div><\/div><\/div>\n\n\n\n<div class=\"wp-block-stackable-column stk-block-column stk-column stk-block stk-976d2d0\" data-v=\"4\" data-block-id=\"976d2d0\"><div class=\"stk-column-wrapper stk-block-column__content stk-container stk-976d2d0-container stk--no-background stk--no-padding\"><div class=\"stk-block-content stk-inner-blocks stk-976d2d0-inner-blocks\"><div class=\"wp-block-image\">\n<figure class=\"aligncenter size-full\"><img decoding=\"async\" width=\"500\" height=\"500\" data-src=\"https:\/\/www.ipn-eurocentre.com\/wp-content\/uploads\/2025\/11\/photo-batiment-ipn-500px-carre-bordure.png\" alt=\"rejoindre \/ karriere\n\" class=\"wp-image-1766 lazyload\" title=\"\" data-srcset=\"https:\/\/www.ipn-eurocentre.com\/wp-content\/uploads\/2025\/11\/photo-batiment-ipn-500px-carre-bordure.png 500w, https:\/\/www.ipn-eurocentre.com\/wp-content\/uploads\/2025\/11\/photo-batiment-ipn-500px-carre-bordure-300x300.png 300w, https:\/\/www.ipn-eurocentre.com\/wp-content\/uploads\/2025\/11\/photo-batiment-ipn-500px-carre-bordure-150x150.png 150w\" data-sizes=\"(max-width: 500px) 100vw, 500px\" src=\"data:image\/svg+xml;base64,PHN2ZyB3aWR0aD0iMSIgaGVpZ2h0PSIxIiB4bWxucz0iaHR0cDovL3d3dy53My5vcmcvMjAwMC9zdmciPjwvc3ZnPg==\" style=\"--smush-placeholder-width: 500px; --smush-placeholder-aspect-ratio: 500\/500;\" \/><\/figure>\n<\/div><\/div><\/div><\/div>\n<\/div><\/div>\n\n\n\n<div style=\"height:40px\" aria-hidden=\"true\" class=\"wp-block-spacer\"><\/div>\n","protected":false},"excerpt":{"rendered":"<p>Werden Sie Teil unseres Teams Spontane Bewerbung Ihre Karriere bei ipn-eurocentre Sie m\u00f6chten zu unserem Team geh\u00f6ren?Schicken Sie uns Ihre Initiativbewerbung! Auf unserer Website erfahren Sie mehr \u00fcber die Geschichte unseres Business Centers ipn-eurocentre sowie&#8230;  <a class=\"excerpt-read-more\" href=\"https:\/\/www.ipn-eurocentre.com\/de\/karriere\/\" title=\"Read Karriere\">Lesen Sie weiter<span><i class=\"fa-solid fa-arrow-right\"><\/i><\/span><\/a><\/p>\n","protected":false},"author":1,"featured_media":0,"parent":0,"menu_order":0,"comment_status":"closed","ping_status":"closed","template":"","meta":{"footnotes":""},"class_list":["post-864","page","type-page","status-publish","hentry"],"acf":[],"_links":{"self":[{"href":"https:\/\/www.ipn-eurocentre.com\/de\/wp-json\/wp\/v2\/pages\/864","targetHints":{"allow":["GET"]}}],"collection":[{"href":"https:\/\/www.ipn-eurocentre.com\/de\/wp-json\/wp\/v2\/pages"}],"about":[{"href":"https:\/\/www.ipn-eurocentre.com\/de\/wp-json\/wp\/v2\/types\/page"}],"author":[{"embeddable":true,"href":"https:\/\/www.ipn-eurocentre.com\/de\/wp-json\/wp\/v2\/users\/1"}],"replies":[{"embeddable":true,"href":"https:\/\/www.ipn-eurocentre.com\/de\/wp-json\/wp\/v2\/comments?post=864"}],"version-history":[{"count":10,"href":"https:\/\/www.ipn-eurocentre.com\/de\/wp-json\/wp\/v2\/pages\/864\/revisions"}],"predecessor-version":[{"id":2077,"href":"https:\/\/www.ipn-eurocentre.com\/de\/wp-json\/wp\/v2\/pages\/864\/revisions\/2077"}],"wp:attachment":[{"href":"https:\/\/www.ipn-eurocentre.com\/de\/wp-json\/wp\/v2\/media?parent=864"}],"curies":[{"name":"wp","href":"https:\/\/api.w.org\/{rel}","templated":true}]}}