{"id":862,"date":"2023-06-26T09:17:46","date_gmt":"2023-06-26T09:17:46","guid":{"rendered":"https:\/\/www.ipn-eurocentre.com\/terminvereinbarung\/"},"modified":"2026-03-26T08:48:36","modified_gmt":"2026-03-26T08:48:36","slug":"colmarer-frankreich-tage","status":"publish","type":"page","link":"https:\/\/www.ipn-eurocentre.com\/de\/colmarer-frankreich-tage\/","title":{"rendered":"Colmarer Frankreich-Tage"},"content":{"rendered":"\n<div class=\"wp-block-stackable-columns stk-block-columns stk-block stk-47c4601 stk-block-background block--banner\" data-block-id=\"47c4601\"><style>.stk-47c4601 {background-color:#e0003d !important;padding-top:0px !important;padding-right:0px !important;padding-bottom:0px !important;padding-left:0px !important;margin-bottom:50px !important;}.stk-47c4601:before{background-color:#e0003d !important;}.stk-47c4601-column{--stk-columns-spacing:0px !important;}<\/style><div class=\"stk-row stk-inner-blocks stk-block-content stk-content-align stk-47c4601-column\">\n<div class=\"wp-block-stackable-column stk-block-column stk-column stk-block stk-8fced0d stk-block-background stk--has-background-overlay\" data-v=\"4\" data-block-id=\"8fced0d\"><style>.stk-8fced0d-inner-blocks{align-items:flex-start !important;}.stk-8fced0d {background-image:url(https:\/\/www.ipn-eurocentre.com\/wp-content\/uploads\/2023\/06\/IPN_image-page-votrevisite_bandeau.jpg) !important;align-items:center !important;padding-top:50px !important;padding-right:0px !important;padding-bottom:50px !important;padding-left:0px !important;display:flex !important;}@media screen and (min-width: 768px){.stk-8fced0d {flex:var(--stk-flex-grow, 1) 1 calc(41.099999999999994% - var(--stk-column-gap, 0px) * 1 \/ 2 ) !important;}}<\/style><div class=\"stk-column-wrapper stk-block-column__content stk-container stk-8fced0d-container stk--no-background stk--no-padding\"><div class=\"stk--column-flex stk-block-content stk-inner-blocks stk-8fced0d-inner-blocks\">\n<figure class=\"wp-block-image size-full motif\"><img decoding=\"async\" width=\"203\" height=\"183\" src=\"https:\/\/www.ipn-eurocentre.com\/wp-content\/uploads\/2023\/06\/motif-banner.png\" alt=\"\" class=\"wp-image-167\" title=\"\"><\/figure>\n<\/div><\/div><\/div>\n\n\n\n<div class=\"wp-block-stackable-column stk-block-column stk-column stk-block stk-8a8f495 stk-block-background\" data-v=\"4\" data-block-id=\"8a8f495\"><style>.stk-8a8f495-inner-blocks{justify-content:center !important;}.stk-8a8f495 {background-color:#e0003d !important;padding-top:25px !important;padding-bottom:25px !important;}.stk-8a8f495:before{background-color:#e0003d !important;}@media screen and (min-width: 768px){.stk-8a8f495 {flex:var(--stk-flex-grow, 1) 1 calc(58.9% - var(--stk-column-gap, 0px) * 1 \/ 2 ) !important;}}<\/style><div class=\"stk-column-wrapper stk-block-column__content stk-container stk-8a8f495-container stk--no-background stk--no-padding\"><div class=\"stk--column-flex stk-block-content stk-inner-blocks stk-8a8f495-inner-blocks\">\n<h2 class=\"wp-block-heading has-text-align-center has-white-color has-text-color has-large-font-size\">Colmarer Frankreich-Tage<\/h2>\n<\/div><\/div><\/div>\n<\/div><\/div>\n\n\n\n<p class=\"has-text-align-center\" style=\"font-size:1.26em;font-style:normal;font-weight:700\"><strong>Erfolgreicher Vertrieb in Frankreich<\/strong><\/p>\n\n\n\n<div class=\"wp-block-stackable-columns stk-block-columns stk-block stk-5c979c2 wrap\" data-block-id=\"5c979c2\"><style>.stk-5c979c2 .stk--block-align-5c979c2{align-items:center !important;}.stk-5c979c2 {margin-bottom:44px !important;}.stk-5c979c2-column{--stk-column-gap:80px !important;row-gap:35px !important;}<\/style><div class=\"stk-row stk-inner-blocks stk--block-align-5c979c2 stk-block-content stk-content-align stk-5c979c2-column\">\n<div class=\"wp-block-stackable-column stk-block-column stk-column stk-block stk-91bbdc3\" data-v=\"4\" data-block-id=\"91bbdc3\"><style>@media screen and (min-width: 768px) and (max-width: 1023px){.stk-91bbdc3 {flex:var(--stk-flex-grow, 1) 1 calc(100% - var(--stk-column-gap, 0px) * 0 \/ 1 ) !important;}}<\/style><div class=\"stk-column-wrapper stk-block-column__content stk-container stk-91bbdc3-container stk--no-background stk--no-padding\"><div class=\"stk-block-content stk-inner-blocks stk-91bbdc3-inner-blocks\">\n<figure class=\"wp-block-image size-full\"><img decoding=\"async\" width=\"772\" height=\"415\" data-src=\"https:\/\/www.ipn-eurocentre.com\/wp-content\/uploads\/2023\/07\/COLMARER-TAGE-FR_edited.jpg\" alt=\"Ipn-Eurocentre logo b\u00e2timent pour page colmarer frankreich-tage\" class=\"wp-image-417 lazyload\" title=\"\" data-srcset=\"https:\/\/www.ipn-eurocentre.com\/wp-content\/uploads\/2023\/07\/COLMARER-TAGE-FR_edited.jpg 772w, https:\/\/www.ipn-eurocentre.com\/wp-content\/uploads\/2023\/07\/COLMARER-TAGE-FR_edited-300x161.jpg 300w, https:\/\/www.ipn-eurocentre.com\/wp-content\/uploads\/2023\/07\/COLMARER-TAGE-FR_edited-768x413.jpg 768w\" data-sizes=\"(max-width: 772px) 100vw, 772px\" src=\"data:image\/svg+xml;base64,PHN2ZyB3aWR0aD0iMSIgaGVpZ2h0PSIxIiB4bWxucz0iaHR0cDovL3d3dy53My5vcmcvMjAwMC9zdmciPjwvc3ZnPg==\" style=\"--smush-placeholder-width: 772px; --smush-placeholder-aspect-ratio: 772\/415;\" \/><\/figure>\n<\/div><\/div><\/div>\n\n\n\n<div class=\"wp-block-stackable-column stk-block-column stk-column stk-block stk-2f63274\" data-v=\"4\" data-block-id=\"2f63274\"><style>@media screen and (min-width: 768px) and (max-width: 1023px){.stk-2f63274 {flex:var(--stk-flex-grow, 1) 1 calc(100% - var(--stk-column-gap, 0px) * 0 \/ 1 ) !important;}}<\/style><div class=\"stk-column-wrapper stk-block-column__content stk-container stk-2f63274-container stk--no-background stk--no-padding\"><div class=\"stk-block-content stk-inner-blocks stk-2f63274-inner-blocks\">\n<p class=\"has-text-align-center\"><em>&#8222;Wettbewerbsf\u00e4higkeit nutzen<br>Vertriebsstrukturen optimal gestalten<br>Umsatzpotentiale erschlie\u00dfen<\/em>&#8222;<\/p>\n\n\n\n<div style=\"height:45px\" aria-hidden=\"true\" class=\"wp-block-spacer\"><\/div>\n\n\n\n<p>Frankreich ist ein Top-Exportmarkt f\u00fcr deutsche Unternehmen. Er bietet insbesondere deutschen Unternehmen mit ihrer h\u00e4ufig hohen internationalen Wettbewerbsf\u00e4higkeit attraktive Umsatz- und Entwicklungschancen. Diese Chancen gilt es zu nutzen.<\/p>\n<\/div><\/div><\/div>\n<\/div><\/div>\n\n\n\n<div class=\"wp-block-stackable-columns stk-block-columns stk-block stk-69cd364 wrap\" data-block-id=\"69cd364\"><style>.stk-69cd364 .stk--block-align-69cd364{align-items:center !important;}.stk-69cd364 {margin-bottom:50px !important;}.stk-69cd364-column{--stk-column-gap:80px !important;row-gap:35px !important;}<\/style><div class=\"stk-row stk-inner-blocks stk--block-align-69cd364 stk-block-content stk-content-align stk-69cd364-column\">\n<div class=\"wp-block-stackable-column stk-block-column stk-column stk-block stk-e100705\" data-v=\"4\" data-block-id=\"e100705\"><style>@media screen and (min-width: 768px) and (max-width: 1023px){.stk-e100705 {flex:var(--stk-flex-grow, 1) 1 calc(100% - var(--stk-column-gap, 0px) * 0 \/ 1 ) !important;}}<\/style><div class=\"stk-column-wrapper stk-block-column__content stk-container stk-e100705-container stk--no-background stk--no-padding\"><div class=\"stk-block-content stk-inner-blocks stk-e100705-inner-blocks\">\n<ul class=\"wp-block-list\">\n<li>Welche Entwicklungsstrategien sind sinnvoll?<\/li>\n\n\n\n<li>Wie werden&nbsp; Absatzpotentiale optimal&nbsp; erschlossen?<\/li>\n\n\n\n<li>Wie lassen sich transparente und steuerbare Vertriebsstrukturen organisieren?<\/li>\n\n\n\n<li>Wie finden sich geeignete Au\u00dfendienstmitarbeiter?<\/li>\n\n\n\n<li>Wie k\u00f6nnen bestehende Niederlassungen optimiert werden?<\/li>\n\n\n\n<li>Welche interkulturellen Aspekte spielen eine zentrale Rolle?<\/li>\n\n\n\n<li>Wie gestaltet sich ein effizienter Zahlungsverkehr?<\/li>\n\n\n\n<li>Welche rechtlichen und steuerlichen Aspekte sind relevant?<\/li>\n<\/ul>\n\n\n\n<div style=\"height:30px\" aria-hidden=\"true\" class=\"wp-block-spacer\"><\/div>\n\n\n\n<p>\u2026diese und mehr sind die Fragen und Themen, die anl\u00e4sslich der Colmarer Frankreich-Tage im Rahmen von individuellen Beratungsgespr\u00e4chen mit renommierten Vertriebs- Steuer- Rechts- und Bankexperten ausf\u00fchrlich er\u00f6rtert und diskutiert werden.<\/p>\n\n\n\n<div style=\"height:13px\" aria-hidden=\"true\" class=\"wp-block-spacer\"><\/div>\n\n\n\n<p><strong>Die Colmarer Frankreich-Tage werden regelm\u00e4\u00dfig vom Deutsch-Franz\u00f6sischen Business-Center organisiert und sind selbstverst\u00e4ndlich kostenfrei.<\/strong><\/p>\n\n\n\n<div style=\"height:15px\" aria-hidden=\"true\" class=\"wp-block-spacer\"><\/div>\n\n\n\n<h4 class=\"wp-block-heading has-text-align-center\"><strong>F\u00fcr weitere Informationen stehen wir Ihnen gerne zur Verf\u00fcgung&nbsp;&nbsp;&nbsp;<\/strong><\/h4>\n<\/div><\/div><\/div>\n<\/div><\/div>\n\n\n\n<div class=\"wp-block-buttons is-content-justification-center is-layout-flex wp-container-core-buttons-is-layout-16018d1d wp-block-buttons-is-layout-flex\">\n<div class=\"wp-block-button\"><a class=\"wp-block-button__link wp-element-button\" href=\"https:\/\/www.ipn-eurocentre.com\/de\/kontaktdaten-und-ansprechpartner\/\"><strong>Schreiben Sie uns<\/strong><\/a><\/div>\n<\/div>\n\n\n\n<div style=\"height:49px\" aria-hidden=\"true\" class=\"wp-block-spacer\"><\/div>\n\n\n\n<h4 class=\"wp-block-heading has-text-align-center\">&#8230;<strong>oder vereinbaren Sie einen Termin f\u00fcr eine Videokonferenz mit uns!&nbsp;<\/strong><\/h4>\n\n\n\n<div style=\"height:40px\" aria-hidden=\"true\" class=\"wp-block-spacer\"><\/div>\n\n\n<iframe src=\"https:\/\/www.ipn-eurocentre.com\/de\/wp-json\/ssa\/v1\/embed-inner?integration&type=videokonferenz&label&types=1&edit&view&payment_provider&ssa_locale=de_DE&ssa_is_rtl&sid=25326cb40b6784abef8bd9eb361f974eac0d8384&availability_start_date&availability_end_date&suggest_first_available&suggest_first_available_within_minutes&flow&fallback_flow&time_view&date_view&appointment_types_view&version&accent_color&background&padding&font&booking_url=https%3A%2F%2Fwww.ipn-eurocentre.com%2Fde%2Fcolmarer-frankreich-tage%2F&booking_post_id=862&booking_title=Colmarer+Frankreich-Tage&_wpnonce=e978e4ca85&redirect_post_id&mepr_membership_id#\/\" height=\"400px\" width=\"100%\" name=\"ssa_booking\" loading=\"eager\" frameborder=\"0\" data-skip-lazy=\"1\" class=\"ssa_booking_iframe skip-lazy\" title=\"Buche eine Uhrzeit\"><\/iframe>\n\n\n\n<div style=\"height:100px\" aria-hidden=\"true\" class=\"wp-block-spacer\"><\/div>\n\n\n\n<p><\/p>\n","protected":false},"excerpt":{"rendered":"<p>Colmarer Frankreich-Tage Erfolgreicher Vertrieb in Frankreich &#8222;Wettbewerbsf\u00e4higkeit nutzenVertriebsstrukturen optimal gestaltenUmsatzpotentiale erschlie\u00dfen&#8222; Frankreich ist ein Top-Exportmarkt f\u00fcr deutsche Unternehmen. Er bietet insbesondere deutschen Unternehmen mit ihrer h\u00e4ufig hohen internationalen Wettbewerbsf\u00e4higkeit attraktive Umsatz- und Entwicklungschancen. Diese Chancen&#8230;  <a class=\"excerpt-read-more\" href=\"https:\/\/www.ipn-eurocentre.com\/de\/colmarer-frankreich-tage\/\" title=\"Read Colmarer Frankreich-Tage\">Lesen Sie weiter<span><i class=\"fa-solid fa-arrow-right\"><\/i><\/span><\/a><\/p>\n","protected":false},"author":1,"featured_media":0,"parent":0,"menu_order":0,"comment_status":"open","ping_status":"closed","template":"","meta":{"footnotes":""},"class_list":["post-862","page","type-page","status-publish","hentry"],"acf":[],"_links":{"self":[{"href":"https:\/\/www.ipn-eurocentre.com\/de\/wp-json\/wp\/v2\/pages\/862","targetHints":{"allow":["GET"]}}],"collection":[{"href":"https:\/\/www.ipn-eurocentre.com\/de\/wp-json\/wp\/v2\/pages"}],"about":[{"href":"https:\/\/www.ipn-eurocentre.com\/de\/wp-json\/wp\/v2\/types\/page"}],"author":[{"embeddable":true,"href":"https:\/\/www.ipn-eurocentre.com\/de\/wp-json\/wp\/v2\/users\/1"}],"replies":[{"embeddable":true,"href":"https:\/\/www.ipn-eurocentre.com\/de\/wp-json\/wp\/v2\/comments?post=862"}],"version-history":[{"count":20,"href":"https:\/\/www.ipn-eurocentre.com\/de\/wp-json\/wp\/v2\/pages\/862\/revisions"}],"predecessor-version":[{"id":2117,"href":"https:\/\/www.ipn-eurocentre.com\/de\/wp-json\/wp\/v2\/pages\/862\/revisions\/2117"}],"wp:attachment":[{"href":"https:\/\/www.ipn-eurocentre.com\/de\/wp-json\/wp\/v2\/media?parent=862"}],"curies":[{"name":"wp","href":"https:\/\/api.w.org\/{rel}","templated":true}]}}