{"id":858,"date":"2023-06-26T08:03:59","date_gmt":"2023-06-26T08:03:59","guid":{"rendered":"https:\/\/www.ipn-eurocentre.com\/kontaktdaten-und-ansprechpartner\/"},"modified":"2025-12-09T14:58:37","modified_gmt":"2025-12-09T14:58:37","slug":"kontaktdaten-und-ansprechpartner","status":"publish","type":"page","link":"https:\/\/www.ipn-eurocentre.com\/de\/kontaktdaten-und-ansprechpartner\/","title":{"rendered":"Kontaktdaten und Ansprechpartner"},"content":{"rendered":"\n<div class=\"wp-block-stackable-columns stk-block-columns stk-block stk-47c4601 stk-block-background block--banner\" data-block-id=\"47c4601\"><style>.stk-47c4601 {background-color:#e0003d !important;padding-top:0px !important;padding-right:0px !important;padding-bottom:0px !important;padding-left:0px !important;margin-bottom:100px !important;}.stk-47c4601:before{background-color:#e0003d !important;}.stk-47c4601-column{--stk-columns-spacing:0px !important;}<\/style><div class=\"stk-row stk-inner-blocks stk-block-content stk-content-align stk-47c4601-column\">\n<div class=\"wp-block-stackable-column stk-block-column stk-column stk-block stk-8fced0d stk-block-background stk--has-background-overlay\" data-v=\"4\" data-block-id=\"8fced0d\"><style>.stk-8fced0d-inner-blocks{align-items:flex-start !important;}.stk-8fced0d {background-image:url(https:\/\/www.ipn-eurocentre.com\/wp-content\/uploads\/2023\/06\/banner_contact.jpg) !important;align-items:center !important;padding-top:50px !important;padding-right:0px !important;padding-bottom:50px !important;padding-left:0px !important;display:flex !important;}<\/style><div class=\"stk-column-wrapper stk-block-column__content stk-container stk-8fced0d-container stk--no-background stk--no-padding\"><div class=\"stk--column-flex stk-block-content stk-inner-blocks stk-8fced0d-inner-blocks\">\n<figure class=\"wp-block-image size-full motif\"><img decoding=\"async\" width=\"203\" height=\"183\" src=\"https:\/\/www.ipn-eurocentre.com\/wp-content\/uploads\/2023\/06\/motif-banner.png\" alt=\"\" class=\"wp-image-167\" title=\"\"><\/figure>\n<\/div><\/div><\/div>\n\n\n\n<div class=\"wp-block-stackable-column stk-block-column stk-column stk-block stk-8a8f495 stk-block-background\" data-v=\"4\" data-block-id=\"8a8f495\"><style>.stk-8a8f495-inner-blocks{justify-content:center !important;}.stk-8a8f495 {background-color:#e0003d !important;padding-top:25px !important;padding-bottom:25px !important;}.stk-8a8f495:before{background-color:#e0003d !important;}<\/style><div class=\"stk-column-wrapper stk-block-column__content stk-container stk-8a8f495-container stk--no-background stk--no-padding\"><div class=\"stk--column-flex stk-block-content stk-inner-blocks stk-8a8f495-inner-blocks\">\n<h1 class=\"wp-block-heading has-text-align-center has-white-color has-text-color\">Kontaktieren Sie uns<\/h1>\n<\/div><\/div><\/div>\n<\/div><\/div>\n\n\n\n<div class=\"wp-block-stackable-columns aligncenter stk-block-columns stk-block stk-23194ec\" data-block-id=\"23194ec\"><style>.stk-23194ec {margin-bottom:50px !important;}<\/style><div class=\"stk-row stk-inner-blocks stk-block-content stk-content-align stk-23194ec-column\">\n<div class=\"wp-block-stackable-column stk-block-column stk-column stk-block stk-4038409\" data-v=\"4\" data-block-id=\"4038409\"><div class=\"stk-column-wrapper stk-block-column__content stk-container stk-4038409-container stk--no-background stk--no-padding\"><div class=\"stk-block-content stk-inner-blocks stk-4038409-inner-blocks\">\n<div class=\"wp-block-group\"><div class=\"wp-block-group__inner-container is-layout-constrained wp-block-group-is-layout-constrained\">\n<p><strong>Ipn-eurocentre und sein deutsch-franz\u00f6sische Business Center <\/strong>sind die Heimat von \u00fcber 100 deutschen Unternehmen, die von Colmar aus ihren franz\u00f6sischen Vertrieb mit Erfolg betreuen und steuern. Wir verf\u00fcgen&nbsp;\u00fcber eine langj\u00e4hrige und entscheidende t\u00e4gliche Praxiserfahrung f\u00fcr eine optimale Vertriebsgestaltung in Frankreich.<\/p>\n\n\n\n<p><strong>Gerne informieren wir Sie unverbindlich n\u00e4her und freuen uns auf Ihre Kontaktaufnahme.<\/strong><\/p>\n\n\n\n<div style=\"height:119px\" aria-hidden=\"true\" class=\"wp-block-spacer\"><\/div>\n<\/div><\/div>\n<\/div><\/div><\/div>\n<\/div><\/div>\n\n\n\n<div class=\"wp-block-stackable-columns stk-block-columns stk-block stk-2d8f6ad wrap columns--contact\" data-block-id=\"2d8f6ad\"><style>.stk-2d8f6ad {margin-bottom:150px !important;}<\/style><div class=\"stk-row stk-inner-blocks stk-block-content stk-content-align stk-2d8f6ad-column\">\n<div class=\"wp-block-stackable-column stk-block-column stk-column stk-block stk-4684b20\" data-v=\"4\" data-block-id=\"4684b20\"><style>@media screen and (min-width: 768px){.stk-4684b20 {flex:var(--stk-flex-grow, 1) 1 33.3% !important;}}<\/style><div class=\"stk-column-wrapper stk-block-column__content stk-container stk-4684b20-container stk--no-background stk--no-padding\"><div class=\"stk-block-content stk-inner-blocks stk-4684b20-inner-blocks\">\n<h2 class=\"wp-block-heading has-text-align-center\">ipn-eurocentre<\/h2>\n\n\n\n<p class=\"has-text-align-center\">11 rue Mittlerweg <br>F &#8211; 68025 Colmar cedex<\/p>\n\n\n\n<p class=\"has-text-align-center\">T\u00e9l : +33 3 89 20 43 78<br>Fax : +33 3 89 20 43 79<\/p>\n\n\n\n<p class=\"has-text-align-center\"><strong><a href=\"mailto:contact@ipn-eurocentre.com\">contact@ipn-eurocentre.com<\/a><\/strong><\/p>\n\n\n\n<h2 class=\"wp-block-heading has-text-align-center\">Folgen Sie uns auf<br><a href=\"https:\/\/www.facebook.com\/ipneurocentrecolmar\" target=\"_blank\" rel=\"noreferrer noopener\"><i class=\"fab fa-facebook-square\"><\/i> <\/a><a href=\"https:\/\/www.linkedin.com\/in\/ipn-eurocentre-centre-d-affaires-franco-allemand-93a907227\/\" target=\"_blank\" rel=\"noopener\"> <\/a><a href=\"http:\/\/www.linkedin.com\/in\/ipneurocentre\" target=\"_blank\" data-type=\"link\" data-id=\"www.linkedin.com\/in\/ipneurocentre\" rel=\"noreferrer noopener\"><i class=\"fab fa-linkedin\"><\/i><\/a><\/h2>\n<\/div><\/div><\/div>\n\n\n\n<div class=\"wp-block-stackable-column stk-block-column stk-column stk-block stk-bc4c1fe\" data-v=\"4\" data-block-id=\"bc4c1fe\"><style>.stk-bc4c1fe {border-style:solid !important;border-color:#e0003d !important;border-top-width:0px !important;border-right-width:0px !important;border-bottom-width:0px !important;border-left-width:2px !important;}@media screen and (min-width: 768px){.stk-bc4c1fe {flex:var(--stk-flex-grow, 1) 1 66.7% !important;}}@media screen and (max-width: 767px){.stk-bc4c1fe {border-top-width:2px !important;border-left-width:0px !important;padding-top:70px !important;margin-top:70px !important;}}<\/style><div class=\"stk-column-wrapper stk-block-column__content stk-container stk-bc4c1fe-container stk--no-background stk--no-padding\"><div class=\"stk-block-content stk-inner-blocks stk-bc4c1fe-inner-blocks\">\n<h2 class=\"wp-block-heading\">Ihre Kontaktdaten<\/h2>\n\n\n\n<div class=\"wp-block-contact-form-7-contact-form-selector\">\n<div class=\"wpcf7 no-js\" id=\"wpcf7-f860-o1\" lang=\"de-DE\" dir=\"ltr\" data-wpcf7-id=\"860\">\n<div class=\"screen-reader-response\"><p role=\"status\" aria-live=\"polite\" aria-atomic=\"true\"><\/p> <ul><\/ul><\/div>\n<form action=\"\/de\/wp-json\/wp\/v2\/pages\/858#wpcf7-f860-o1\" method=\"post\" class=\"wpcf7-form init\" aria-label=\"Kontaktformular\" novalidate=\"novalidate\" data-status=\"init\">\n<fieldset class=\"hidden-fields-container\"><input type=\"hidden\" name=\"_wpcf7\" value=\"860\" \/><input type=\"hidden\" name=\"_wpcf7_version\" value=\"6.1.5\" \/><input type=\"hidden\" name=\"_wpcf7_locale\" value=\"de_DE\" \/><input type=\"hidden\" name=\"_wpcf7_unit_tag\" value=\"wpcf7-f860-o1\" \/><input type=\"hidden\" name=\"_wpcf7_container_post\" value=\"0\" \/><input type=\"hidden\" name=\"_wpcf7_posted_data_hash\" value=\"\" \/>\n<\/fieldset>\n<p><span class=\"mandatory\">* Pflichtfelder<\/span>\n<\/p>\n<div class=\"row cf\">\n\t<div class=\"col-xs-12 col-sm-6\">\n\t\t<p><label for=\"prenom\">Vorname*<\/label><span class=\"wpcf7-form-control-wrap\" data-name=\"prenom\"><input size=\"40\" maxlength=\"400\" class=\"wpcf7-form-control wpcf7-text wpcf7-validates-as-required\" id=\"prenom\" aria-required=\"true\" aria-invalid=\"false\" value=\"\" type=\"text\" name=\"prenom\" \/><\/span>\n\t\t<\/p>\n\t<\/div>\n\t<div class=\"col-xs-12 col-sm-6\">\n\t\t<p><label for=\"nom\">Name*<\/label><span class=\"wpcf7-form-control-wrap\" data-name=\"nom\"><input size=\"40\" maxlength=\"400\" class=\"wpcf7-form-control wpcf7-text wpcf7-validates-as-required\" id=\"nom\" aria-required=\"true\" aria-invalid=\"false\" value=\"\" type=\"text\" name=\"nom\" \/><\/span>\n\t\t<\/p>\n\t<\/div>\n\t<div class=\"col-xs-12\">\n\t\t<p><label for=\"email\">E-Mail*.<\/label><span class=\"indications\">Bsp.: name@domaine.com<\/span><span class=\"wpcf7-form-control-wrap\" data-name=\"your-email\"><input size=\"40\" maxlength=\"400\" class=\"wpcf7-form-control wpcf7-email wpcf7-validates-as-required wpcf7-text wpcf7-validates-as-email\" id=\"email\" autocomplete=\"email\" aria-required=\"true\" aria-invalid=\"false\" value=\"\" type=\"email\" name=\"your-email\" \/><\/span>\n\t\t<\/p>\n\t<\/div>\n\t<div class=\"col-xs-12\">\n\t\t<p><label for=\"adresse\">Adresse*<\/label><span class=\"wpcf7-form-control-wrap\" data-name=\"adresse\"><input size=\"40\" maxlength=\"400\" class=\"wpcf7-form-control wpcf7-text wpcf7-validates-as-required\" id=\"adresse\" autocomplete=\"address-line1\" aria-required=\"true\" aria-invalid=\"false\" value=\"\" type=\"text\" name=\"adresse\" \/><\/span>\n\t\t<\/p>\n\t<\/div>\n\t<div class=\"col-xs-12 col-sm-3\">\n\t\t<p><label for=\"cp\">Postleitzahl*<\/label><br \/>\n<span class=\"wpcf7-form-control-wrap\" data-name=\"cp\"><input size=\"40\" maxlength=\"400\" class=\"wpcf7-form-control wpcf7-text wpcf7-validates-as-required\" id=\"cp\" autocomplete=\"postal-code\" aria-required=\"true\" aria-invalid=\"false\" value=\"\" type=\"text\" name=\"cp\" \/><\/span>\n\t\t<\/p>\n\t<\/div>\n\t<div class=\"col-xs-12 col-sm-6\">\n\t\t<p><label for=\"ville\">Stadt*<\/label><br \/>\n<span class=\"wpcf7-form-control-wrap\" data-name=\"ville\"><input size=\"40\" maxlength=\"400\" class=\"wpcf7-form-control wpcf7-text wpcf7-validates-as-required\" id=\"ville\" autocomplete=\"address-level2\" aria-required=\"true\" aria-invalid=\"false\" value=\"\" type=\"text\" name=\"ville\" \/><\/span>\n\t\t<\/p>\n\t<\/div>\n\t<div class=\"col-xs-12 col-sm-3\">\n\t\t<p><label for=\"pays\">Land*<\/label><br \/>\n<span class=\"wpcf7-form-control-wrap\" data-name=\"pays\"><input size=\"40\" maxlength=\"400\" class=\"wpcf7-form-control wpcf7-text wpcf7-validates-as-required\" id=\"pays\" autocomplete=\"country\" aria-required=\"true\" aria-invalid=\"false\" value=\"\" type=\"text\" name=\"pays\" \/><\/span>\n\t\t<\/p>\n\t<\/div>\n\t<div class=\"col-xs-12\">\n\t\t<p><label for=\"message\">Ihre Nachricht*<\/label><span class=\"wpcf7-form-control-wrap\" data-name=\"message\"><textarea cols=\"40\" rows=\"10\" maxlength=\"2000\" class=\"wpcf7-form-control wpcf7-textarea wpcf7-validates-as-required\" id=\"message\" aria-required=\"true\" aria-invalid=\"false\" name=\"message\"><\/textarea><\/span>\n\t\t<\/p>\n\t<\/div>\n\t<div class=\"col-xs-12 col-sm-8\">\n\t\t<div class=\"col-xs-12\">\n\t\t\t<p><label for=\"Anfrage\">Terminanfrage<\/label><br \/>\n<span class=\"wpcf7-form-control-wrap\" data-name=\"Termin\"><select class=\"wpcf7-form-control wpcf7-select Anfrage de Termin\" aria-invalid=\"false\" name=\"Termin\"><option value=\"Ausw\u00e4hlen\">Ausw\u00e4hlen<\/option><option value=\"Vor Ort\">Vor Ort<\/option><option value=\"Telefonisch\">Telefonisch<\/option><option value=\"Per Videokonferenz\">Per Videokonferenz<\/option><option value=\"Colmarer Frankreich-Tage\">Colmarer Frankreich-Tage<\/option><\/select><\/span>\n\t\t\t<\/p>\n\t\t<\/div>\n\t\t<p><span class=\"wpcf7-form-control-wrap\" data-name=\"quiz-886\"><label><span class=\"wpcf7-quiz-label\">CAPTCHA : Was sind 3 + 2 ?<\/span> <input size=\"40\" class=\"wpcf7-form-control wpcf7-quiz\" autocomplete=\"off\" aria-required=\"true\" aria-invalid=\"false\" type=\"text\" name=\"quiz-886\" \/><\/label><input type=\"hidden\" name=\"_wpcf7_quiz_answer_quiz-886\" value=\"1715d4cad674a3f6e8912a1e54904519\" \/><\/span>\n\t\t<\/p>\n\t<\/div>\n\t<div class=\"col-xs-12 rgpd\">\n\t\t<p><span class=\"wpcf7-form-control-wrap\" data-name=\"rgpd-acceptance\"><span class=\"wpcf7-form-control wpcf7-acceptance\"><span class=\"wpcf7-list-item\"><label><input type=\"checkbox\" name=\"rgpd-acceptance\" value=\"1\" aria-invalid=\"false\" \/><span class=\"wpcf7-list-item-label\">Ich habe <a href=\"https:\/\/www.ipn-eurocentre.com\/mentions-legales\/\">die Datenschutzbestimmungen der Website<\/a> gelesen und akzeptiere <a href=\"https:\/\/www.ipn-eurocentre.com\/mentions-legales\/\">sie*<\/a>.<\/span><\/label><\/span><\/span><\/span>\n\t\t<\/p>\n\t<\/div>\n<\/div>\n<div class=\"text-center\">\n\t<p><input class=\"wpcf7-form-control wpcf7-submit has-spinner\" type=\"submit\" value=\"Senden\" \/>\n\t<\/p>\n<\/div><div class=\"wpcf7-response-output\" aria-hidden=\"true\"><\/div>\n<\/form>\n<\/div>\n<\/div>\n<\/div><\/div><\/div>\n<\/div><\/div>\n\n\n\n<div class=\"wp-block-stackable-columns aligncenter stk-block-columns stk-block stk-121cc34\" data-block-id=\"121cc34\"><style>.stk-121cc34 {margin-bottom:100px !important;}<\/style><div class=\"stk-row stk-inner-blocks stk-block-content stk-content-align stk-121cc34-column\">\n<div class=\"wp-block-stackable-column stk-block-column stk-column stk-block stk-66e97bf\" data-v=\"4\" data-block-id=\"66e97bf\"><div class=\"stk-column-wrapper stk-block-column__content stk-container stk-66e97bf-container stk--no-background stk--no-padding\"><div class=\"stk-block-content stk-inner-blocks stk-66e97bf-inner-blocks\">\n<div class=\"wp-block-buttons is-content-justification-center is-layout-flex wp-container-core-buttons-is-layout-16018d1d wp-block-buttons-is-layout-flex\">\n<div class=\"wp-block-button\"><a class=\"wp-block-button__link wp-element-button\" href=\"https:\/\/www.ipn-eurocentre.com\/de\/colmarer-frankreich-tage\/\" target=\"_blank\" rel=\"noreferrer noopener\">INFOS ZU UNSEREN COLMARER FRANKREICH-TAGen<\/a><\/div>\n<\/div>\n<\/div><\/div><\/div>\n<\/div><\/div>\n\n\n\n<p><\/p>\n","protected":false},"excerpt":{"rendered":"<p>Kontaktieren Sie uns Ipn-eurocentre und sein deutsch-franz\u00f6sische Business Center sind die Heimat von \u00fcber 100 deutschen Unternehmen, die von Colmar aus ihren franz\u00f6sischen Vertrieb mit Erfolg betreuen und steuern. Wir verf\u00fcgen&nbsp;\u00fcber eine langj\u00e4hrige und entscheidende&#8230;  <a class=\"excerpt-read-more\" href=\"https:\/\/www.ipn-eurocentre.com\/de\/kontaktdaten-und-ansprechpartner\/\" title=\"Read Kontaktdaten und Ansprechpartner\">Lesen Sie weiter<span><i class=\"fa-solid fa-arrow-right\"><\/i><\/span><\/a><\/p>\n","protected":false},"author":1,"featured_media":0,"parent":0,"menu_order":0,"comment_status":"closed","ping_status":"closed","template":"","meta":{"footnotes":""},"class_list":["post-858","page","type-page","status-publish","hentry"],"acf":[],"_links":{"self":[{"href":"https:\/\/www.ipn-eurocentre.com\/de\/wp-json\/wp\/v2\/pages\/858","targetHints":{"allow":["GET"]}}],"collection":[{"href":"https:\/\/www.ipn-eurocentre.com\/de\/wp-json\/wp\/v2\/pages"}],"about":[{"href":"https:\/\/www.ipn-eurocentre.com\/de\/wp-json\/wp\/v2\/types\/page"}],"author":[{"embeddable":true,"href":"https:\/\/www.ipn-eurocentre.com\/de\/wp-json\/wp\/v2\/users\/1"}],"replies":[{"embeddable":true,"href":"https:\/\/www.ipn-eurocentre.com\/de\/wp-json\/wp\/v2\/comments?post=858"}],"version-history":[{"count":20,"href":"https:\/\/www.ipn-eurocentre.com\/de\/wp-json\/wp\/v2\/pages\/858\/revisions"}],"predecessor-version":[{"id":1652,"href":"https:\/\/www.ipn-eurocentre.com\/de\/wp-json\/wp\/v2\/pages\/858\/revisions\/1652"}],"wp:attachment":[{"href":"https:\/\/www.ipn-eurocentre.com\/de\/wp-json\/wp\/v2\/media?parent=858"}],"curies":[{"name":"wp","href":"https:\/\/api.w.org\/{rel}","templated":true}]}}