{"id":838,"date":"2023-06-26T09:16:21","date_gmt":"2023-06-26T09:16:21","guid":{"rendered":"https:\/\/www.ipn-eurocentre.com\/unsere-dienstleistungen\/vermietung-von-raeumlichkeiten\/"},"modified":"2025-12-10T09:37:00","modified_gmt":"2025-12-10T09:37:00","slug":"vermietung","status":"publish","type":"page","link":"https:\/\/www.ipn-eurocentre.com\/de\/vermietung\/","title":{"rendered":"Vermietung von R\u00e4umlichkeiten"},"content":{"rendered":"\n<div class=\"wp-block-stackable-columns stk-block-columns stk-block stk-47c4601 stk-block-background block--banner\" data-block-id=\"47c4601\"><style>.stk-47c4601 {background-color:#e0003d !important;padding-top:0px !important;padding-right:0px !important;padding-bottom:0px !important;padding-left:0px !important;margin-bottom:100px !important;}.stk-47c4601:before{background-color:#e0003d !important;}.stk-47c4601-column{--stk-columns-spacing:0px !important;}<\/style><div class=\"stk-row stk-inner-blocks stk-block-content stk-content-align stk-47c4601-column\">\n<div class=\"wp-block-stackable-column stk-block-column stk-column stk-block stk-8fced0d stk-block-background stk--has-background-overlay\" data-v=\"4\" data-block-id=\"8fced0d\"><style>.stk-8fced0d-inner-blocks{align-items:flex-start !important;}.stk-8fced0d {background-image:url(https:\/\/www.ipn-eurocentre.com\/wp-content\/uploads\/2023\/06\/IPN_image-page-location_bandeau.jpg) !important;align-items:center !important;padding-top:50px !important;padding-right:0px !important;padding-bottom:50px !important;padding-left:0px !important;display:flex !important;}<\/style><div class=\"stk-column-wrapper stk-block-column__content stk-container stk-8fced0d-container stk--no-background stk--no-padding\"><div class=\"stk--column-flex stk-block-content stk-inner-blocks stk-8fced0d-inner-blocks\">\n<figure class=\"wp-block-image size-full motif\"><img decoding=\"async\" width=\"203\" height=\"183\" src=\"https:\/\/www.ipn-eurocentre.com\/wp-content\/uploads\/2023\/06\/motif-banner.png\" alt=\"\" class=\"wp-image-167\" title=\"\"><\/figure>\n<\/div><\/div><\/div>\n\n\n\n<div class=\"wp-block-stackable-column stk-block-column stk-column stk-block stk-8a8f495 stk-block-background\" data-v=\"4\" data-block-id=\"8a8f495\"><style>.stk-8a8f495-inner-blocks{justify-content:center !important;}.stk-8a8f495 {background-color:#e0003d !important;padding-top:25px !important;padding-bottom:25px !important;}.stk-8a8f495:before{background-color:#e0003d !important;}<\/style><div class=\"stk-column-wrapper stk-block-column__content stk-container stk-8a8f495-container stk--no-background stk--no-padding\"><div class=\"stk--column-flex stk-block-content stk-inner-blocks stk-8a8f495-inner-blocks\">\n<h1 class=\"wp-block-heading has-text-align-center has-white-color has-text-color\">Vermietung von R\u00e4umlichkeiten<\/h1>\n<\/div><\/div><\/div>\n<\/div><\/div>\n\n\n\n<div class=\"wp-block-stackable-columns stk-block-columns stk-block stk-5f98f4f\" data-block-id=\"5f98f4f\"><style>.stk-5f98f4f {margin-bottom:50px !important;}@media screen and (max-width: 767px){.stk-5f98f4f-column{--stk-columns-spacing:10px !important;}}<\/style><div class=\"stk-row stk-inner-blocks stk-block-content stk-content-align stk-5f98f4f-column\">\n<div class=\"wp-block-stackable-column stk-block-column stk-column stk-block stk-0b0def7\" data-v=\"4\" data-block-id=\"0b0def7\"><div class=\"stk-column-wrapper stk-block-column__content stk-container stk-0b0def7-container stk--no-background stk--no-padding\"><div class=\"stk-block-content stk-inner-blocks stk-0b0def7-inner-blocks\">\n<h2 class=\"wp-block-heading has-text-align-center\" style=\"font-size:1.26em\">Flexible und bedarfsorientierte Vermietung von B\u00fcros und Versammlungsr\u00e4umen<\/h2>\n<\/div><\/div><\/div>\n<\/div><\/div>\n\n\n\n<div class=\"wp-block-stackable-columns aligncenter stk-block-columns stk-block stk-dfa5f85\" data-block-id=\"dfa5f85\"><style>.stk-dfa5f85 {margin-bottom:59px !important;}<\/style><div class=\"stk-row stk-inner-blocks stk-block-content stk-content-align stk-dfa5f85-column\">\n<div class=\"wp-block-stackable-column stk-block-column stk-column stk-block stk-ecf8c83\" data-v=\"4\" data-block-id=\"ecf8c83\"><div class=\"stk-column-wrapper stk-block-column__content stk-container stk-ecf8c83-container stk--no-background stk--no-padding\"><div class=\"stk-block-content stk-inner-blocks stk-ecf8c83-inner-blocks\">\n<div class=\"wp-block-group is-vertical is-content-justification-center is-layout-flex wp-container-core-group-is-layout-73a99bce wp-block-group-is-layout-flex\">\n<div class=\"wp-block-stackable-columns stk-block-columns stk-block stk-c114839\" data-block-id=\"c114839\"><style>.stk-c114839 {margin-bottom:39px !important;}<\/style><div class=\"stk-row stk-inner-blocks stk-block-content stk-content-align stk-c114839-column\">\n<div class=\"wp-block-stackable-column stk-block-column stk-column stk-block stk-d6503b3\" data-v=\"4\" data-block-id=\"d6503b3\"><div class=\"stk-column-wrapper stk-block-column__content stk-container stk-d6503b3-container stk--no-background stk--no-padding\"><div class=\"stk-block-content stk-inner-blocks stk-d6503b3-inner-blocks\">\n<div class=\"wp-block-stackable-columns aligncenter stk-block-columns stk-block stk-4d1591a\" data-block-id=\"4d1591a\"><div class=\"stk-row stk-inner-blocks has-text-align-center stk-block-content stk-content-align stk-4d1591a-column\">\n<div class=\"wp-block-stackable-column stk-block-column stk-column stk-block stk-95149bc\" data-v=\"4\" data-block-id=\"95149bc\"><div class=\"stk-column-wrapper stk-block-column__content stk-container stk-95149bc-container stk--no-background stk--no-padding\"><div class=\"has-text-align-center stk-block-content stk-inner-blocks stk-95149bc-inner-blocks\">\n<p>Unser hochmodernes Business-Center bietet Ihnen flexible und bedarfsorientierte Raummodule entsprechend Ihren Bed\u00fcrfnissen:<\/p>\n<\/div><\/div><\/div>\n<\/div><\/div>\n<\/div><\/div><\/div>\n<\/div><\/div>\n\n\n\n<div class=\"wp-block-stackable-columns stk-block-columns stk-block stk-eb310d3\" data-block-id=\"eb310d3\"><div class=\"stk-row stk-inner-blocks stk-block-content stk-content-align stk-eb310d3-column\">\n<div class=\"wp-block-stackable-column stk-block-column stk-column stk-block stk-efd7b82\" data-v=\"4\" data-block-id=\"efd7b82\"><div class=\"stk-column-wrapper stk-block-column__content stk-container stk-efd7b82-container stk--no-background stk--no-padding\"><div class=\"has-text-align-left stk-block-content stk-inner-blocks stk-efd7b82-inner-blocks\">\n<ul class=\"wp-block-list\">\n<li><strong>Einzelb\u00fcro<\/strong>&nbsp;bis zu 3 Personen (inkl. 2 G\u00e4ste)<\/li>\n\n\n\n<li><strong>Doppelb\u00fcro<\/strong><\/li>\n\n\n\n<li><strong>Besprechungsraum \u201eSalle Cristal\u201c<\/strong>&nbsp;bis zu 6 Personen<\/li>\n\n\n\n<li><strong>Besprechungsraum \u201eSalle For\u00eat-Noire\u201c<\/strong>&nbsp;bis zu 10 Personen<\/li>\n\n\n\n<li><strong>Besprechungsraum \u201eSalle Vosges\u201c<\/strong>&nbsp;bis zu 16 Personen<\/li>\n<\/ul>\n<\/div><\/div><\/div>\n<\/div><\/div>\n<\/div>\n<\/div><\/div><\/div>\n<\/div><\/div>\n\n\n\n<div class=\"wp-block-stackable-columns stk-block-columns stk-block stk-8201553\" data-block-id=\"8201553\"><div class=\"stk-row stk-inner-blocks stk-block-content stk-content-align stk-8201553-column\">\n<div class=\"wp-block-stackable-column stk-block-column stk-column stk-block stk-1a75284\" data-v=\"4\" data-block-id=\"1a75284\"><div class=\"stk-column-wrapper stk-block-column__content stk-container stk-1a75284-container stk--no-background stk--no-padding\"><div class=\"stk-block-content stk-inner-blocks stk-1a75284-inner-blocks\">\n<div class=\"wp-block-stackable-columns stk-block-columns stk-block stk-69cd364 wrap\" data-block-id=\"69cd364\"><style>.stk-69cd364 .stk--block-align-69cd364{align-items:center !important;}.stk-69cd364 {margin-bottom:60px !important;}.stk-69cd364-column{--stk-column-gap:80px !important;row-gap:35px !important;}<\/style><div class=\"stk-row stk-inner-blocks stk--block-align-69cd364 stk-block-content stk-content-align stk-69cd364-column\">\n<div class=\"wp-block-stackable-column stk-block-column stk-column stk-block stk-e100705\" data-v=\"4\" data-block-id=\"e100705\"><style>.stk-e100705-inner-blocks{justify-content:flex-start !important;}<\/style><div class=\"stk-column-wrapper stk-block-column__content stk-container stk-e100705-container stk--no-background stk--no-padding\"><div class=\"stk--column-flex stk-block-content stk-inner-blocks stk-e100705-inner-blocks\">\n<p><strong><strong>\ud83c\udfe2 Unsere B\u00fcror\u00e4ume zur Miete<\/strong><\/strong><\/p>\n\n\n\n<p><br>Wir stellen B\u00fcror\u00e4ume zur Verf\u00fcgung, die eine ruhiges Arbeiten in einer funktionalen und professionellen Umgebung erm\u00f6glichen.<br>Die Anmietung eines B\u00fcros erm\u00f6glicht es, \u00fcber einen geeigneten Arbeitsplatz zu verf\u00fcgen \u2013 ohne langfristige Verpflichtungen.<br>Unsere R\u00e4ume k\u00f6nnen f\u00fcr unterschiedliche Zeitr\u00e4ume gemietet werden und eignen sich f\u00fcr Unternehmen, Selbstst\u00e4ndige oder kleine Strukturen.<br>Unsere B\u00fcros sind mit einer Grundausstattung m\u00f6bliert, verf\u00fcgen \u00fcber einen Internetanschluss und bieten Zugang zu gemeinschaftlich genutzten Bereichen wie Besprechungsr\u00e4umen, einer Coffeebar und einem Empfangsbereich.<\/p>\n<\/div><\/div><\/div>\n\n\n\n<div class=\"wp-block-stackable-column stk-block-column stk-column stk-block stk-5983d5d\" data-v=\"4\" data-block-id=\"5983d5d\"><style>.stk-5983d5d-inner-blocks{justify-content:flex-start !important;}<\/style><div class=\"stk-column-wrapper stk-block-column__content stk-container stk-5983d5d-container stk--no-background stk--no-padding\"><div class=\"stk--column-flex stk-block-content stk-inner-blocks stk-5983d5d-inner-blocks\">\n<p><strong><strong><strong>\ud83d\udcbc Unsere Besprechungs- und Schulungsr\u00e4ume<\/strong><\/strong><\/strong><\/p>\n\n\n\n<p><br>Weiterhin stellen wir R\u00e4umlichkeiten f\u00fcr Meetings, Seminare oder berufliche Workshops zur Verf\u00fcgung.<br>Diese eignen sich durch ihre neutrale, funktionale und flexibel gestaltbare Ausstattung ideal f\u00fcr verschiedenste Veranstaltungsformate.<br>Pr\u00e4sentationstechnik, Whiteboard sowie eine leistungsf\u00e4hige Internetverbindung stehen zur Verf\u00fcgung.<br>Unsere R\u00e4ume sind sowohl halbtags als auch ganztags buchbar.<\/p>\n\n\n\n<p>Unser Anliegen ist es, ein professionelles Umfeld zu schaffen, das Konzentration, Kommunikation und einen effizienten Austausch optimal unterst\u00fctzt.<\/p>\n<\/div><\/div><\/div>\n<\/div><\/div>\n<\/div><\/div><\/div>\n<\/div><\/div>\n\n\n\n<div class=\"wp-block-stackable-columns aligncenter stk-block-columns stk-block stk-05c1c13\" data-block-id=\"05c1c13\"><style>.stk-05c1c13-column{max-width:1000px !important;min-width:auto !important;}<\/style><div class=\"stk-row stk-inner-blocks has-text-align-center stk-block-content stk-content-align stk-05c1c13-column\">\n<div class=\"wp-block-stackable-column stk-block-column stk-column stk-block stk-81681aa\" data-v=\"4\" data-block-id=\"81681aa\"><div class=\"stk-column-wrapper stk-block-column__content stk-container stk-81681aa-container stk--no-background stk--no-padding\"><div class=\"stk-block-content stk-inner-blocks stk-81681aa-inner-blocks\">\n<figure class=\"wp-block-image size-full\"><img decoding=\"async\" width=\"500\" height=\"500\" data-src=\"https:\/\/www.ipn-eurocentre.com\/wp-content\/uploads\/2025\/11\/reu-grande-ipn-500px-carre-bordure.png\" alt=\"Vermietung von R\u00e4umlichkeiten \/ besprechungsr\u00e4ume\" class=\"wp-image-1680 lazyload\" title=\"\" data-srcset=\"https:\/\/www.ipn-eurocentre.com\/wp-content\/uploads\/2025\/11\/reu-grande-ipn-500px-carre-bordure.png 500w, https:\/\/www.ipn-eurocentre.com\/wp-content\/uploads\/2025\/11\/reu-grande-ipn-500px-carre-bordure-300x300.png 300w, https:\/\/www.ipn-eurocentre.com\/wp-content\/uploads\/2025\/11\/reu-grande-ipn-500px-carre-bordure-150x150.png 150w\" data-sizes=\"(max-width: 500px) 100vw, 500px\" src=\"data:image\/svg+xml;base64,PHN2ZyB3aWR0aD0iMSIgaGVpZ2h0PSIxIiB4bWxucz0iaHR0cDovL3d3dy53My5vcmcvMjAwMC9zdmciPjwvc3ZnPg==\" style=\"--smush-placeholder-width: 500px; --smush-placeholder-aspect-ratio: 500\/500;\" \/><\/figure>\n<\/div><\/div><\/div>\n\n\n\n<div class=\"wp-block-stackable-column stk-block-column stk-column stk-block stk-81844a7\" data-v=\"4\" data-block-id=\"81844a7\"><div class=\"stk-column-wrapper stk-block-column__content stk-container stk-81844a7-container stk--no-background stk--no-padding\"><div class=\"stk-block-content stk-inner-blocks stk-81844a7-inner-blocks\">\n<figure class=\"wp-block-image size-full\"><img decoding=\"async\" width=\"500\" height=\"500\" data-src=\"https:\/\/www.ipn-eurocentre.com\/wp-content\/uploads\/2025\/11\/reu-foret-noire-ipn-500px-carre-bordure.png\" alt=\"Vermietung von R\u00e4umlichkeiten \/ besprechungsr\u00e4ume\" class=\"wp-image-1683 lazyload\" title=\"\" data-srcset=\"https:\/\/www.ipn-eurocentre.com\/wp-content\/uploads\/2025\/11\/reu-foret-noire-ipn-500px-carre-bordure.png 500w, https:\/\/www.ipn-eurocentre.com\/wp-content\/uploads\/2025\/11\/reu-foret-noire-ipn-500px-carre-bordure-300x300.png 300w, https:\/\/www.ipn-eurocentre.com\/wp-content\/uploads\/2025\/11\/reu-foret-noire-ipn-500px-carre-bordure-150x150.png 150w\" data-sizes=\"(max-width: 500px) 100vw, 500px\" src=\"data:image\/svg+xml;base64,PHN2ZyB3aWR0aD0iMSIgaGVpZ2h0PSIxIiB4bWxucz0iaHR0cDovL3d3dy53My5vcmcvMjAwMC9zdmciPjwvc3ZnPg==\" style=\"--smush-placeholder-width: 500px; --smush-placeholder-aspect-ratio: 500\/500;\" \/><\/figure>\n<\/div><\/div><\/div>\n\n\n\n<div class=\"wp-block-stackable-column stk-block-column stk-column stk-block stk-2caef4c\" data-v=\"4\" data-block-id=\"2caef4c\"><div class=\"stk-column-wrapper stk-block-column__content stk-container stk-2caef4c-container stk--no-background stk--no-padding\"><div class=\"stk-block-content stk-inner-blocks stk-2caef4c-inner-blocks\">\n<figure class=\"wp-block-image size-full\"><img decoding=\"async\" width=\"500\" height=\"500\" data-src=\"https:\/\/www.ipn-eurocentre.com\/wp-content\/uploads\/2025\/11\/bureau-simple-ipn-500px-carre-bordure.png\" alt=\"Vermietung von R\u00e4umlichkeiten \/ besprechungsr\u00e4ume\" class=\"wp-image-1686 lazyload\" title=\"\" data-srcset=\"https:\/\/www.ipn-eurocentre.com\/wp-content\/uploads\/2025\/11\/bureau-simple-ipn-500px-carre-bordure.png 500w, https:\/\/www.ipn-eurocentre.com\/wp-content\/uploads\/2025\/11\/bureau-simple-ipn-500px-carre-bordure-300x300.png 300w, https:\/\/www.ipn-eurocentre.com\/wp-content\/uploads\/2025\/11\/bureau-simple-ipn-500px-carre-bordure-150x150.png 150w\" data-sizes=\"(max-width: 500px) 100vw, 500px\" src=\"data:image\/svg+xml;base64,PHN2ZyB3aWR0aD0iMSIgaGVpZ2h0PSIxIiB4bWxucz0iaHR0cDovL3d3dy53My5vcmcvMjAwMC9zdmciPjwvc3ZnPg==\" style=\"--smush-placeholder-width: 500px; --smush-placeholder-aspect-ratio: 500\/500;\" \/><\/figure>\n<\/div><\/div><\/div>\n<\/div><\/div>\n\n\n\n<div style=\"height:100px\" aria-hidden=\"true\" class=\"wp-block-spacer\"><\/div>\n\n\n\n<div class=\"wp-block-stackable-columns aligncenter stk-block-columns stk-block stk-a58019a\" data-block-id=\"a58019a\"><div class=\"stk-row stk-inner-blocks stk-block-content stk-content-align stk-a58019a-column\">\n<div class=\"wp-block-stackable-column stk-block-column stk-column stk-block stk-deadfc8\" data-v=\"4\" data-block-id=\"deadfc8\"><div class=\"stk-column-wrapper stk-block-column__content stk-container stk-deadfc8-container stk--no-background stk--no-padding\"><div class=\"has-text-align-center stk-block-content stk-inner-blocks stk-deadfc8-inner-blocks\">\n<p><strong>Haben Sie noch weitere Fragen? Wir stehen Ihnen gerne zur Verf\u00fcgung.<br>Per E-Mail, Telefon, Videocall oder vor Ort! Das Team von ipn-eurocentre ber\u00e4t Sie gerne.<\/strong><\/p>\n\n\n\n<div style=\"height:40px\" aria-hidden=\"true\" class=\"wp-block-spacer\"><\/div>\n\n\n\n<div class=\"wp-block-buttons is-content-justification-center is-layout-flex wp-container-core-buttons-is-layout-16018d1d wp-block-buttons-is-layout-flex\">\n<div class=\"wp-block-button\"><a class=\"wp-block-button__link wp-element-button\" href=\"https:\/\/www.ipn-eurocentre.com\/de\/kontaktdaten-und-ansprechpartner\/\"><strong>Schreiben Sie uns!<\/strong><\/a><\/div>\n<\/div>\n\n\n\n<div style=\"height:60px\" aria-hidden=\"true\" class=\"wp-block-spacer\"><\/div>\n<\/div><\/div><\/div>\n<\/div><\/div>\n","protected":false},"excerpt":{"rendered":"<p>Vermietung von R\u00e4umlichkeiten Flexible und bedarfsorientierte Vermietung von B\u00fcros und Versammlungsr\u00e4umen Unser hochmodernes Business-Center bietet Ihnen flexible und bedarfsorientierte Raummodule entsprechend Ihren Bed\u00fcrfnissen: \ud83c\udfe2 Unsere B\u00fcror\u00e4ume zur Miete Wir stellen B\u00fcror\u00e4ume zur Verf\u00fcgung, die eine&#8230;  <a class=\"excerpt-read-more\" href=\"https:\/\/www.ipn-eurocentre.com\/de\/vermietung\/\" title=\"Read Vermietung von R\u00e4umlichkeiten\">Lesen Sie weiter<span><i class=\"fa-solid fa-arrow-right\"><\/i><\/span><\/a><\/p>\n","protected":false},"author":1,"featured_media":0,"parent":0,"menu_order":0,"comment_status":"closed","ping_status":"closed","template":"","meta":{"footnotes":""},"class_list":["post-838","page","type-page","status-publish","hentry"],"acf":[],"_links":{"self":[{"href":"https:\/\/www.ipn-eurocentre.com\/de\/wp-json\/wp\/v2\/pages\/838","targetHints":{"allow":["GET"]}}],"collection":[{"href":"https:\/\/www.ipn-eurocentre.com\/de\/wp-json\/wp\/v2\/pages"}],"about":[{"href":"https:\/\/www.ipn-eurocentre.com\/de\/wp-json\/wp\/v2\/types\/page"}],"author":[{"embeddable":true,"href":"https:\/\/www.ipn-eurocentre.com\/de\/wp-json\/wp\/v2\/users\/1"}],"replies":[{"embeddable":true,"href":"https:\/\/www.ipn-eurocentre.com\/de\/wp-json\/wp\/v2\/comments?post=838"}],"version-history":[{"count":20,"href":"https:\/\/www.ipn-eurocentre.com\/de\/wp-json\/wp\/v2\/pages\/838\/revisions"}],"predecessor-version":[{"id":2043,"href":"https:\/\/www.ipn-eurocentre.com\/de\/wp-json\/wp\/v2\/pages\/838\/revisions\/2043"}],"wp:attachment":[{"href":"https:\/\/www.ipn-eurocentre.com\/de\/wp-json\/wp\/v2\/media?parent=838"}],"curies":[{"name":"wp","href":"https:\/\/api.w.org\/{rel}","templated":true}]}}