{"id":826,"date":"2023-06-26T09:15:00","date_gmt":"2023-06-26T09:15:00","guid":{"rendered":"https:\/\/www.ipn-eurocentre.com\/unsere-dienstleistungen\/unser-gebaeude\/"},"modified":"2025-12-09T15:02:51","modified_gmt":"2025-12-09T15:02:51","slug":"business-center","status":"publish","type":"page","link":"https:\/\/www.ipn-eurocentre.com\/de\/unsere-dienstleistungen\/business-center\/","title":{"rendered":"Unser Business Center"},"content":{"rendered":"\n<div class=\"wp-block-stackable-columns stk-block-columns stk-block stk-47c4601 stk-block-background block--banner\" data-block-id=\"47c4601\"><style>.stk-47c4601 {background-color:#e0003d !important;padding-top:0px !important;padding-right:0px !important;padding-bottom:0px !important;padding-left:0px !important;margin-bottom:100px !important;}.stk-47c4601:before{background-color:#e0003d !important;}.stk-47c4601-column{--stk-columns-spacing:0px !important;}<\/style><div class=\"stk-row stk-inner-blocks stk-block-content stk-content-align stk-47c4601-column\">\n<div class=\"wp-block-stackable-column stk-block-column stk-column stk-block stk-8fced0d stk-block-background stk--has-background-overlay\" data-v=\"4\" data-block-id=\"8fced0d\"><style>.stk-8fced0d-inner-blocks{align-items:flex-start !important;}.stk-8fced0d {background-image:url(https:\/\/www.ipn-eurocentre.com\/wp-content\/uploads\/2023\/06\/IPN_image-page-votrevisite_bandeau.jpg) !important;align-items:center !important;padding-top:50px !important;padding-right:0px !important;padding-bottom:50px !important;padding-left:0px !important;display:flex !important;}<\/style><div class=\"stk-column-wrapper stk-block-column__content stk-container stk-8fced0d-container stk--no-background stk--no-padding\"><div class=\"stk--column-flex stk-block-content stk-inner-blocks stk-8fced0d-inner-blocks\">\n<figure class=\"wp-block-image size-full motif\"><img decoding=\"async\" width=\"203\" height=\"183\" src=\"https:\/\/www.ipn-eurocentre.com\/wp-content\/uploads\/2023\/06\/motif-banner.png\" alt=\"\" class=\"wp-image-167\" title=\"\"><\/figure>\n<\/div><\/div><\/div>\n\n\n\n<div class=\"wp-block-stackable-column stk-block-column stk-column stk-block stk-8a8f495 stk-block-background\" data-v=\"4\" data-block-id=\"8a8f495\"><style>.stk-8a8f495-inner-blocks{justify-content:center !important;}.stk-8a8f495 {background-color:#e0003d !important;padding-top:25px !important;padding-bottom:25px !important;}.stk-8a8f495:before{background-color:#e0003d !important;}<\/style><div class=\"stk-column-wrapper stk-block-column__content stk-container stk-8a8f495-container stk--no-background stk--no-padding\"><div class=\"stk--column-flex stk-block-content stk-inner-blocks stk-8a8f495-inner-blocks\">\n<h1 class=\"wp-block-heading has-text-align-center has-white-color has-text-color\">Unser Business Center<\/h1>\n<\/div><\/div><\/div>\n<\/div><\/div>\n\n\n\n<h2 class=\"wp-block-heading has-text-align-center\" style=\"font-size:1.26em\"><strong><strong>Deutsch-Franz\u00f6sisches Business Center: Ein Ort f\u00fcr Ihre grenz\u00fcberschreitenden Projekte.<\/strong><\/strong><\/h2>\n\n\n\n<div style=\"height:60px\" aria-hidden=\"true\" class=\"wp-block-spacer\"><\/div>\n\n\n\n<div class=\"wp-block-stackable-columns aligncenter stk-block-columns stk-block stk-69cd364 wrap\" data-block-id=\"69cd364\"><style>.stk-69cd364 .stk--block-align-69cd364{align-items:center !important;}.stk-69cd364 {margin-bottom:85px !important;}.stk-69cd364-column{--stk-column-gap:80px !important;row-gap:35px !important;}<\/style><div class=\"stk-row stk-inner-blocks stk--block-align-69cd364 stk-block-content stk-content-align stk-69cd364-column\">\n<div class=\"wp-block-stackable-column stk-block-column stk-column stk-block stk-e100705\" data-v=\"4\" data-block-id=\"e100705\"><div class=\"stk-column-wrapper stk-block-column__content stk-container stk-e100705-container stk--no-background stk--no-padding\"><div class=\"stk-block-content stk-inner-blocks stk-e100705-inner-blocks\">\n<p><strong>Eine hochmoderne Infrastruktur im Herzen des Elsass<\/strong><\/p>\n\n\n\n<p>Unser in Colmar gelegenes Deutsch-Franz\u00f6sisches Business-Center ipn-eurocentre befindet sich in unmittelbarer N\u00e4he zur deutschen und schweizerischen Grenze und bietet eine hochwertige Infrastruktur, die speziell darauf ausgelegt ist, Unternehmen bei ihrer grenz\u00fcberschreitenden Entwicklung zu unterst\u00fctzen.<\/p>\n\n\n\n<p>Unser Business Center vereint Eleganz, professionelle Funktionalit\u00e4t und gute Erreichbarkeit:<\/p>\n\n\n\n<ul class=\"wp-block-list\">\n<li>Es bietet ein gepflegtes, modernes Ambiente und eine hohe Funktionalit\u00e4t<\/li>\n\n\n\n<li>Es liegt strategisch g\u00fcnstig am Oberrhein im Elsass, nahe Deutschland und der Schweiz, und erleichtert damit grenz\u00fcberschreitende Gesch\u00e4ftsreisen.<\/li>\n<\/ul>\n<\/div><\/div><\/div>\n<\/div><\/div>\n\n\n\n<div class=\"wp-block-stackable-columns stk-block-columns stk-block stk-05c1c13\" data-block-id=\"05c1c13\"><style>.stk-05c1c13 {margin-bottom:40px !important;}.stk-05c1c13-column{max-width:1000px !important;min-width:auto !important;}<\/style><div class=\"stk-row stk-inner-blocks stk-block-content stk-content-align stk-05c1c13-column\">\n<div class=\"wp-block-stackable-column stk-block-column stk-column stk-block stk-81844a7\" data-v=\"4\" data-block-id=\"81844a7\"><style>.stk-81844a7-container{margin-top:5px !important;margin-right:5px !important;margin-bottom:5px !important;margin-left:5px !important;}<\/style><div class=\"stk-column-wrapper stk-block-column__content stk-container stk-81844a7-container stk--no-background stk--no-padding\"><div class=\"stk-block-content stk-inner-blocks stk-81844a7-inner-blocks\"><div class=\"wp-block-image\">\n<figure class=\"aligncenter size-full\"><img decoding=\"async\" width=\"500\" height=\"500\" data-src=\"https:\/\/www.ipn-eurocentre.com\/wp-content\/uploads\/2025\/11\/photo-batiment-ipn-500px-carre-bordure.png\" alt=\"b\u00e2timent business center ipn\" class=\"wp-image-1764 lazyload\" title=\"\" data-srcset=\"https:\/\/www.ipn-eurocentre.com\/wp-content\/uploads\/2025\/11\/photo-batiment-ipn-500px-carre-bordure.png 500w, https:\/\/www.ipn-eurocentre.com\/wp-content\/uploads\/2025\/11\/photo-batiment-ipn-500px-carre-bordure-300x300.png 300w, https:\/\/www.ipn-eurocentre.com\/wp-content\/uploads\/2025\/11\/photo-batiment-ipn-500px-carre-bordure-150x150.png 150w\" data-sizes=\"(max-width: 500px) 100vw, 500px\" src=\"data:image\/svg+xml;base64,PHN2ZyB3aWR0aD0iMSIgaGVpZ2h0PSIxIiB4bWxucz0iaHR0cDovL3d3dy53My5vcmcvMjAwMC9zdmciPjwvc3ZnPg==\" style=\"--smush-placeholder-width: 500px; --smush-placeholder-aspect-ratio: 500\/500;\" \/><\/figure>\n<\/div><\/div><\/div><\/div>\n\n\n\n<div class=\"wp-block-stackable-column stk-block-column stk-column stk-block stk-2caef4c\" data-v=\"4\" data-block-id=\"2caef4c\"><style>.stk-2caef4c-container{margin-top:5px !important;margin-right:5px !important;margin-bottom:5px !important;margin-left:5px !important;}<\/style><div class=\"stk-column-wrapper stk-block-column__content stk-container stk-2caef4c-container stk--no-background stk--no-padding\"><div class=\"stk-block-content stk-inner-blocks stk-2caef4c-inner-blocks\"><div class=\"wp-block-image\">\n<figure class=\"aligncenter size-full\"><img decoding=\"async\" width=\"500\" height=\"500\" data-src=\"https:\/\/www.ipn-eurocentre.com\/wp-content\/uploads\/2025\/11\/photo-accueil-fontaine-ipn-500px-carre-bordure.png\" alt=\"business center accueil\" class=\"wp-image-1770 lazyload\" title=\"\" data-srcset=\"https:\/\/www.ipn-eurocentre.com\/wp-content\/uploads\/2025\/11\/photo-accueil-fontaine-ipn-500px-carre-bordure.png 500w, https:\/\/www.ipn-eurocentre.com\/wp-content\/uploads\/2025\/11\/photo-accueil-fontaine-ipn-500px-carre-bordure-300x300.png 300w, https:\/\/www.ipn-eurocentre.com\/wp-content\/uploads\/2025\/11\/photo-accueil-fontaine-ipn-500px-carre-bordure-150x150.png 150w\" data-sizes=\"(max-width: 500px) 100vw, 500px\" src=\"data:image\/svg+xml;base64,PHN2ZyB3aWR0aD0iMSIgaGVpZ2h0PSIxIiB4bWxucz0iaHR0cDovL3d3dy53My5vcmcvMjAwMC9zdmciPjwvc3ZnPg==\" style=\"--smush-placeholder-width: 500px; --smush-placeholder-aspect-ratio: 500\/500;\" \/><\/figure>\n<\/div><\/div><\/div><\/div>\n\n\n\n<div class=\"wp-block-stackable-column stk-block-column stk-column stk-block stk-81681aa\" data-v=\"4\" data-block-id=\"81681aa\"><style>.stk-81681aa-container{margin-top:5px !important;margin-right:5px !important;margin-bottom:5px !important;margin-left:5px !important;}<\/style><div class=\"stk-column-wrapper stk-block-column__content stk-container stk-81681aa-container stk--no-background stk--no-padding\"><div class=\"stk-block-content stk-inner-blocks stk-81681aa-inner-blocks\"><div class=\"wp-block-image\">\n<figure class=\"aligncenter size-full\"><img decoding=\"async\" width=\"500\" height=\"500\" data-src=\"https:\/\/www.ipn-eurocentre.com\/wp-content\/uploads\/2025\/11\/photo-bar-ipn-500px-carre-bordure.png\" alt=\"business center ra\u00fcme \/ catering\" class=\"wp-image-1767 lazyload\" title=\"\" data-srcset=\"https:\/\/www.ipn-eurocentre.com\/wp-content\/uploads\/2025\/11\/photo-bar-ipn-500px-carre-bordure.png 500w, https:\/\/www.ipn-eurocentre.com\/wp-content\/uploads\/2025\/11\/photo-bar-ipn-500px-carre-bordure-300x300.png 300w, https:\/\/www.ipn-eurocentre.com\/wp-content\/uploads\/2025\/11\/photo-bar-ipn-500px-carre-bordure-150x150.png 150w\" data-sizes=\"(max-width: 500px) 100vw, 500px\" src=\"data:image\/svg+xml;base64,PHN2ZyB3aWR0aD0iMSIgaGVpZ2h0PSIxIiB4bWxucz0iaHR0cDovL3d3dy53My5vcmcvMjAwMC9zdmciPjwvc3ZnPg==\" style=\"--smush-placeholder-width: 500px; --smush-placeholder-aspect-ratio: 500\/500;\" \/><\/figure>\n<\/div><\/div><\/div><\/div>\n<\/div><\/div>\n\n\n\n<div class=\"wp-block-stackable-columns stk-block-columns stk-block stk-543c219\" data-block-id=\"543c219\"><style>.stk-543c219-column{max-width:700px !important;min-width:auto !important;}<\/style><div class=\"stk-row stk-inner-blocks stk-block-content stk-content-align stk-543c219-column\">\n<div class=\"wp-block-stackable-column stk-block-column stk-column stk-block stk-06e54d3\" data-v=\"4\" data-block-id=\"06e54d3\"><style>@media screen and (max-width: 767px){.stk-06e54d3-container{margin-top:10px !important;margin-right:10px !important;margin-bottom:10px !important;margin-left:10px !important;}}<\/style><div class=\"stk-column-wrapper stk-block-column__content stk-container stk-06e54d3-container stk--no-background stk--no-padding\"><div class=\"stk-block-content stk-inner-blocks stk-06e54d3-inner-blocks\">\n<div class=\"wp-block-group is-vertical is-layout-flex wp-container-core-group-is-layout-8cf370e7 wp-block-group-is-layout-flex\">\n<p class=\"has-text-align-center\"><strong><strong><strong>Vorteile und Dienstleistungen unserer R\u00e4umlichkeiten<\/strong><\/strong><\/strong><\/p>\n\n\n\n<div style=\"height:0px\" aria-hidden=\"true\" class=\"wp-block-spacer wp-container-content-1b8dd66d\"><\/div>\n\n\n\n<p class=\"has-text-align-left\">Wir bieten Ihnen weit mehr als nur B\u00fcror\u00e4ume: Alles ist darauf ausgelegt, Ihren Alltag und Ihre Gesch\u00e4ftsentwicklung zu erleichtern.<\/p>\n\n\n\n<div style=\"height:18px\" aria-hidden=\"true\" class=\"wp-block-spacer wp-container-content-7a8a7e73\"><\/div>\n\n\n\n<figure class=\"wp-block-table is-style-regular\" style=\"font-size:14px\"><table class=\"has-white-background-color has-background has-fixed-layout\"><thead><tr><td><strong><strong>Dienstleistung<\/strong><\/strong><\/td><td><strong><strong>Beschreibung<\/strong><\/strong><\/td><\/tr><\/thead><tbody><tr><td><strong><strong>Flexible R\u00e4ume<\/strong><\/strong><\/td><td>Einzelb\u00fcros, Besprechungsr\u00e4ume, Schulungsr\u00e4ume, Empfangsbereiche \u2013 bieten Flexibilit\u00e4t und Anpassung an Ihren Bedarf<\/td><\/tr><tr><td><strong><strong>Moderne Ausstattung<\/strong><\/strong><\/td><td>Hochwertige Infrastruktur, Empfangsservice, Espressobar, voll ausgestattete B\u00fcros und Besprechungs- und Konferenzr\u00e4ume<\/td><\/tr><tr><td><strong><strong>Gute Erreichbarkeit<\/strong><\/strong><\/td><td>Schnell erreichbar, in unmittelbarer N\u00e4he der Autobahn A35, mit Besucherparkpl\u00e4tzen<\/td><\/tr><tr><td><strong>Mehrsprachiger Empfangsservice<\/strong><\/td><td>Empfang, Orientierung, Besucherbetreuung \u2013 f\u00fcr optimalen Service und Komfort f\u00fcr Ihre Partner und Kunden<\/td><\/tr><tr><td><strong>Optimierte Kosten<\/strong><\/td><td>Profitieren Sie von hochwertigen und flexiblen Dienstleistungen, ohne in eigene R\u00e4umlichkeiten investieren zu m\u00fcssen, und genie\u00dfen Sie gleichzeitig ein professionelles Umfeld<\/td><\/tr><\/tbody><\/table><\/figure>\n<\/div>\n<\/div><\/div><\/div>\n<\/div><\/div>\n\n\n\n<div class=\"wp-block-stackable-columns stk-block-columns stk-block stk-2712c9c\" data-block-id=\"2712c9c\"><style>.stk-2712c9c {margin-bottom:40px !important;}.stk-2712c9c-column{max-width:1000px !important;min-width:auto !important;}<\/style><div class=\"stk-row stk-inner-blocks stk-block-content stk-content-align stk-2712c9c-column\">\n<div class=\"wp-block-stackable-column stk-block-column stk-column stk-block stk-0efa3de\" data-v=\"4\" data-block-id=\"0efa3de\"><style>.stk-0efa3de-container{margin-top:5px !important;margin-right:5px !important;margin-bottom:5px !important;margin-left:5px !important;}<\/style><div class=\"stk-column-wrapper stk-block-column__content stk-container stk-0efa3de-container stk--no-background stk--no-padding\"><div class=\"stk-block-content stk-inner-blocks stk-0efa3de-inner-blocks\"><div class=\"wp-block-image\">\n<figure class=\"aligncenter size-full\"><img decoding=\"async\" width=\"500\" height=\"500\" data-src=\"https:\/\/www.ipn-eurocentre.com\/wp-content\/uploads\/2025\/11\/reu-grande-ipn-500px-carre-bordure.png\" alt=\"business center ra\u00fcme\" class=\"wp-image-1682 lazyload\" title=\"\" data-srcset=\"https:\/\/www.ipn-eurocentre.com\/wp-content\/uploads\/2025\/11\/reu-grande-ipn-500px-carre-bordure.png 500w, https:\/\/www.ipn-eurocentre.com\/wp-content\/uploads\/2025\/11\/reu-grande-ipn-500px-carre-bordure-300x300.png 300w, https:\/\/www.ipn-eurocentre.com\/wp-content\/uploads\/2025\/11\/reu-grande-ipn-500px-carre-bordure-150x150.png 150w\" data-sizes=\"(max-width: 500px) 100vw, 500px\" src=\"data:image\/svg+xml;base64,PHN2ZyB3aWR0aD0iMSIgaGVpZ2h0PSIxIiB4bWxucz0iaHR0cDovL3d3dy53My5vcmcvMjAwMC9zdmciPjwvc3ZnPg==\" style=\"--smush-placeholder-width: 500px; --smush-placeholder-aspect-ratio: 500\/500;\" \/><\/figure>\n<\/div><\/div><\/div><\/div>\n\n\n\n<div class=\"wp-block-stackable-column stk-block-column stk-column stk-block stk-472ba6e\" data-v=\"4\" data-block-id=\"472ba6e\"><style>.stk-472ba6e-container{margin-top:5px !important;margin-right:5px !important;margin-bottom:5px !important;margin-left:5px !important;}<\/style><div class=\"stk-column-wrapper stk-block-column__content stk-container stk-472ba6e-container stk--no-background stk--no-padding\"><div class=\"stk-block-content stk-inner-blocks stk-472ba6e-inner-blocks\"><div class=\"wp-block-image\">\n<figure class=\"aligncenter size-full\"><img decoding=\"async\" width=\"500\" height=\"500\" data-src=\"https:\/\/www.ipn-eurocentre.com\/wp-content\/uploads\/2025\/11\/reu-cristal-ipn-500px-carre-bordure.png\" alt=\"business center r\u00e4ume\" class=\"wp-image-1782 lazyload\" title=\"\" data-srcset=\"https:\/\/www.ipn-eurocentre.com\/wp-content\/uploads\/2025\/11\/reu-cristal-ipn-500px-carre-bordure.png 500w, https:\/\/www.ipn-eurocentre.com\/wp-content\/uploads\/2025\/11\/reu-cristal-ipn-500px-carre-bordure-300x300.png 300w, https:\/\/www.ipn-eurocentre.com\/wp-content\/uploads\/2025\/11\/reu-cristal-ipn-500px-carre-bordure-150x150.png 150w\" data-sizes=\"(max-width: 500px) 100vw, 500px\" src=\"data:image\/svg+xml;base64,PHN2ZyB3aWR0aD0iMSIgaGVpZ2h0PSIxIiB4bWxucz0iaHR0cDovL3d3dy53My5vcmcvMjAwMC9zdmciPjwvc3ZnPg==\" style=\"--smush-placeholder-width: 500px; --smush-placeholder-aspect-ratio: 500\/500;\" \/><\/figure>\n<\/div><\/div><\/div><\/div>\n\n\n\n<div class=\"wp-block-stackable-column stk-block-column stk-column stk-block stk-f40905b\" data-v=\"4\" data-block-id=\"f40905b\"><style>.stk-f40905b-container{margin-top:5px !important;margin-right:5px !important;margin-bottom:5px !important;margin-left:5px !important;}<\/style><div class=\"stk-column-wrapper stk-block-column__content stk-container stk-f40905b-container stk--no-background stk--no-padding\"><div class=\"stk-block-content stk-inner-blocks stk-f40905b-inner-blocks\"><div class=\"wp-block-image\">\n<figure class=\"aligncenter size-full\"><img decoding=\"async\" width=\"500\" height=\"500\" data-src=\"https:\/\/www.ipn-eurocentre.com\/wp-content\/uploads\/2025\/11\/reu-foret-noire-ipn-500px-carre-bordure-2.png\" alt=\"business center ra\u00fcme\" class=\"wp-image-1779 lazyload\" title=\"\" data-srcset=\"https:\/\/www.ipn-eurocentre.com\/wp-content\/uploads\/2025\/11\/reu-foret-noire-ipn-500px-carre-bordure-2.png 500w, https:\/\/www.ipn-eurocentre.com\/wp-content\/uploads\/2025\/11\/reu-foret-noire-ipn-500px-carre-bordure-2-300x300.png 300w, https:\/\/www.ipn-eurocentre.com\/wp-content\/uploads\/2025\/11\/reu-foret-noire-ipn-500px-carre-bordure-2-150x150.png 150w\" data-sizes=\"(max-width: 500px) 100vw, 500px\" src=\"data:image\/svg+xml;base64,PHN2ZyB3aWR0aD0iMSIgaGVpZ2h0PSIxIiB4bWxucz0iaHR0cDovL3d3dy53My5vcmcvMjAwMC9zdmciPjwvc3ZnPg==\" style=\"--smush-placeholder-width: 500px; --smush-placeholder-aspect-ratio: 500\/500;\" \/><\/figure>\n<\/div><\/div><\/div><\/div>\n<\/div><\/div>\n\n\n\n<div class=\"wp-block-stackable-columns stk-block-columns stk-block stk-caae5ae\" data-block-id=\"caae5ae\"><style>.stk-caae5ae {margin-bottom:60px !important;}.stk-caae5ae-column{max-width:1000px !important;min-width:auto !important;}<\/style><div class=\"stk-row stk-inner-blocks stk-block-content stk-content-align stk-caae5ae-column\">\n<div class=\"wp-block-stackable-column stk-block-column stk-column stk-block stk-45f6a50\" data-v=\"4\" data-block-id=\"45f6a50\"><style>.stk-45f6a50-container{margin-top:5px !important;margin-right:5px !important;margin-bottom:5px !important;margin-left:5px !important;}<\/style><div class=\"stk-column-wrapper stk-block-column__content stk-container stk-45f6a50-container stk--no-background stk--no-padding\"><div class=\"stk-block-content stk-inner-blocks stk-45f6a50-inner-blocks\"><div class=\"wp-block-image\">\n<figure class=\"aligncenter size-large\"><img decoding=\"async\" width=\"500\" height=\"500\" data-src=\"https:\/\/www.ipn-eurocentre.com\/wp-content\/uploads\/2025\/11\/bureau-simple-ipn-500px-carre-bordure.png\" alt=\"business center b\u00fcro\" class=\"wp-image-1688 lazyload\" title=\"\" data-srcset=\"https:\/\/www.ipn-eurocentre.com\/wp-content\/uploads\/2025\/11\/bureau-simple-ipn-500px-carre-bordure.png 500w, https:\/\/www.ipn-eurocentre.com\/wp-content\/uploads\/2025\/11\/bureau-simple-ipn-500px-carre-bordure-300x300.png 300w, https:\/\/www.ipn-eurocentre.com\/wp-content\/uploads\/2025\/11\/bureau-simple-ipn-500px-carre-bordure-150x150.png 150w\" data-sizes=\"(max-width: 500px) 100vw, 500px\" src=\"data:image\/svg+xml;base64,PHN2ZyB3aWR0aD0iMSIgaGVpZ2h0PSIxIiB4bWxucz0iaHR0cDovL3d3dy53My5vcmcvMjAwMC9zdmciPjwvc3ZnPg==\" style=\"--smush-placeholder-width: 500px; --smush-placeholder-aspect-ratio: 500\/500;\" \/><\/figure>\n<\/div><\/div><\/div><\/div>\n\n\n\n<div class=\"wp-block-stackable-column stk-block-column stk-column stk-block stk-ed901e0\" data-v=\"4\" data-block-id=\"ed901e0\"><style>.stk-ed901e0-container{margin-top:5px !important;margin-right:5px !important;margin-bottom:5px !important;margin-left:5px !important;}<\/style><div class=\"stk-column-wrapper stk-block-column__content stk-container stk-ed901e0-container stk--no-background stk--no-padding\"><div class=\"stk-block-content stk-inner-blocks stk-ed901e0-inner-blocks\"><div class=\"wp-block-image\">\n<figure class=\"aligncenter size-full\"><img decoding=\"async\" width=\"500\" height=\"500\" data-src=\"https:\/\/www.ipn-eurocentre.com\/wp-content\/uploads\/2025\/11\/bureau-double-ipn-500px-carre-bordure.png\" alt=\"business center b\u00fcro\" class=\"wp-image-1776 lazyload\" title=\"\" data-srcset=\"https:\/\/www.ipn-eurocentre.com\/wp-content\/uploads\/2025\/11\/bureau-double-ipn-500px-carre-bordure.png 500w, https:\/\/www.ipn-eurocentre.com\/wp-content\/uploads\/2025\/11\/bureau-double-ipn-500px-carre-bordure-300x300.png 300w, https:\/\/www.ipn-eurocentre.com\/wp-content\/uploads\/2025\/11\/bureau-double-ipn-500px-carre-bordure-150x150.png 150w\" data-sizes=\"(max-width: 500px) 100vw, 500px\" src=\"data:image\/svg+xml;base64,PHN2ZyB3aWR0aD0iMSIgaGVpZ2h0PSIxIiB4bWxucz0iaHR0cDovL3d3dy53My5vcmcvMjAwMC9zdmciPjwvc3ZnPg==\" style=\"--smush-placeholder-width: 500px; --smush-placeholder-aspect-ratio: 500\/500;\" \/><\/figure>\n<\/div><\/div><\/div><\/div>\n<\/div><\/div>\n\n\n\n<div class=\"wp-block-stackable-columns aligncenter stk-block-columns stk-block stk-6eaa924\" data-block-id=\"6eaa924\"><style>.stk-6eaa924 {margin-bottom:59px !important;}<\/style><div class=\"stk-row stk-inner-blocks stk-block-content stk-content-align stk-6eaa924-column\">\n<div class=\"wp-block-stackable-column stk-block-column stk-column stk-block stk-cbdaf59\" data-v=\"4\" data-block-id=\"cbdaf59\"><div class=\"stk-column-wrapper stk-block-column__content stk-container stk-cbdaf59-container stk--no-background stk--no-padding\"><div class=\"stk-block-content stk-inner-blocks stk-cbdaf59-inner-blocks\">\n<p><strong><strong><strong>H\u00e4ufig gestellte Fragen<\/strong><\/strong><\/strong> <strong>(FAQ)<\/strong><\/p>\n\n\n\n<p><strong><strong>Kann ich einfach nur einen Besprechungsraum mieten, ohne feste B\u00fcros anzumieten?<\/strong><\/strong><br>Ja, unsere R\u00e4umlichkeiten sind modular gestaltet. Sie k\u00f6nnen die Besprechungsr\u00e4ume und Empfangsbereiche ganz nach Bedarf nutzen \u2013 sei es punktuell oder regelm\u00e4\u00dfig.<\/p>\n\n\n\n<p><strong><strong>Ist das Business Center gut erreichbar?<\/strong><\/strong><br>Ja \u2013 unser Geb\u00e4ude in Colmar ist verkehrsg\u00fcnstig gelegen, verf\u00fcgt \u00fcber gute Stra\u00dfenanbindungen und liegt in der N\u00e4he der regionalen Verkehrsinfrastruktur sowie des Messegel\u00e4ndes.<\/p>\n\n\n\n<p><strong><strong>Sind die B\u00fcros bezugsfertig?<\/strong><\/strong><br>Ja \u2013 die R\u00e4umlichkeiten sind vollst\u00e4ndig ausgestattet, inklusive WLAN, Kopier- und Druckm\u00f6glichkeiten, sodass Sie sofort loslegen k\u00f6nnen.<\/p>\n\n\n\n<p><strong><strong>Wie sind Miet- bzw. Nutzungskonditionen?<\/strong><\/strong><br>Die Nutzungsm\u00f6glichkeiten f\u00fcr B\u00fcros, Domizilierung, Besprechungsr\u00e4ume und begleitende Dienstleistungen sind sehr flexibel. Wir bieten ma\u00dfgeschneiderte Pakete, die sich nach Nutzung, Dauer, Gr\u00f6\u00dfe und nach Ihren individuellen Bed\u00fcrfnissen richten und bei Bedarf kurzfristig angepasst werden k\u00f6nnen.<\/p>\n<\/div><\/div><\/div>\n<\/div><\/div>\n\n\n\n<div class=\"wp-block-stackable-columns aligncenter stk-block-columns stk-block stk-a58019a\" data-block-id=\"a58019a\"><div class=\"stk-row stk-inner-blocks stk-block-content stk-content-align stk-a58019a-column\">\n<div class=\"wp-block-stackable-column stk-block-column stk-column stk-block stk-deadfc8\" data-v=\"4\" data-block-id=\"deadfc8\"><div class=\"stk-column-wrapper stk-block-column__content stk-container stk-deadfc8-container stk--no-background stk--no-padding\"><div class=\"has-text-align-center stk-block-content stk-inner-blocks stk-deadfc8-inner-blocks\">\n<p><strong>Haben Sie noch weitere Fragen? Wir stehen Ihnen gerne zur Verf\u00fcgung.<br>Per E-Mail, Telefon, Videocall oder vor Ort! Das Team von ipn-eurocentre ber\u00e4t Sie gerne.<\/strong><\/p>\n\n\n\n<div style=\"height:40px\" aria-hidden=\"true\" class=\"wp-block-spacer\"><\/div>\n\n\n\n<div class=\"wp-block-buttons is-content-justification-center is-layout-flex wp-container-core-buttons-is-layout-16018d1d wp-block-buttons-is-layout-flex\">\n<div class=\"wp-block-button\"><a class=\"wp-block-button__link wp-element-button\" href=\"https:\/\/www.ipn-eurocentre.com\/de\/kontaktdaten-und-ansprechpartner\/\"><strong>Schreiben Sie uns!<\/strong><\/a><\/div>\n<\/div>\n\n\n\n<div style=\"height:60px\" aria-hidden=\"true\" class=\"wp-block-spacer\"><\/div>\n<\/div><\/div><\/div>\n<\/div><\/div>\n","protected":false},"excerpt":{"rendered":"<p>Unser Business Center Deutsch-Franz\u00f6sisches Business Center: Ein Ort f\u00fcr Ihre grenz\u00fcberschreitenden Projekte. Eine hochmoderne Infrastruktur im Herzen des Elsass Unser in Colmar gelegenes Deutsch-Franz\u00f6sisches Business-Center ipn-eurocentre befindet sich in unmittelbarer N\u00e4he zur deutschen und schweizerischen&#8230;  <a class=\"excerpt-read-more\" href=\"https:\/\/www.ipn-eurocentre.com\/de\/unsere-dienstleistungen\/business-center\/\" title=\"Read Unser Business Center\">Lesen Sie weiter<span><i class=\"fa-solid fa-arrow-right\"><\/i><\/span><\/a><\/p>\n","protected":false},"author":1,"featured_media":0,"parent":820,"menu_order":0,"comment_status":"closed","ping_status":"closed","template":"","meta":{"footnotes":""},"class_list":["post-826","page","type-page","status-publish","hentry"],"acf":[],"_links":{"self":[{"href":"https:\/\/www.ipn-eurocentre.com\/de\/wp-json\/wp\/v2\/pages\/826","targetHints":{"allow":["GET"]}}],"collection":[{"href":"https:\/\/www.ipn-eurocentre.com\/de\/wp-json\/wp\/v2\/pages"}],"about":[{"href":"https:\/\/www.ipn-eurocentre.com\/de\/wp-json\/wp\/v2\/types\/page"}],"author":[{"embeddable":true,"href":"https:\/\/www.ipn-eurocentre.com\/de\/wp-json\/wp\/v2\/users\/1"}],"replies":[{"embeddable":true,"href":"https:\/\/www.ipn-eurocentre.com\/de\/wp-json\/wp\/v2\/comments?post=826"}],"version-history":[{"count":16,"href":"https:\/\/www.ipn-eurocentre.com\/de\/wp-json\/wp\/v2\/pages\/826\/revisions"}],"predecessor-version":[{"id":1881,"href":"https:\/\/www.ipn-eurocentre.com\/de\/wp-json\/wp\/v2\/pages\/826\/revisions\/1881"}],"up":[{"embeddable":true,"href":"https:\/\/www.ipn-eurocentre.com\/de\/wp-json\/wp\/v2\/pages\/820"}],"wp:attachment":[{"href":"https:\/\/www.ipn-eurocentre.com\/de\/wp-json\/wp\/v2\/media?parent=826"}],"curies":[{"name":"wp","href":"https:\/\/api.w.org\/{rel}","templated":true}]}}